{"id":706,"date":"2017-05-09T15:54:17","date_gmt":"2017-05-09T12:54:17","guid":{"rendered":"http:\/\/www.wirmodiscgolf.fi\/?page_id=706"},"modified":"2020-05-25T13:56:45","modified_gmt":"2020-05-25T10:56:45","slug":"viikkokisat","status":"publish","type":"page","link":"https:\/\/www.wirmodiscgolf.fi\/wordpress\/kisat\/viikkokisat\/","title":{"rendered":"Viikkokisat"},"content":{"rendered":"<p><img loading=\"lazy\" decoding=\"async\" class=\"\" src=\"https:\/\/discgolfmetrix.com\/img\/upload\/images\/viikkokisa.png\" alt=\"Viikkokisat\" width=\"924\" height=\"203\" \/><\/p>\n<h2>Yleist\u00e4<\/h2>\n<p>Kisat ovat kaikille avoimet.<\/p>\n<p>My\u00f6s kes\u00e4kuun maksimiosallistujam\u00e4\u00e4r\u00e4 on nostettu 50:st\u00e4 72:een pelaajaan aluehallintoviraston ohjeistuksia noudattaen. Toukokuun viimeisell\u00e4 viikolla p\u00e4ivtet\u00e4\u00e4n kisan Metrix infoon viel\u00e4 tarkempia ohjeita j\u00e4rjestelyiden suhteen ja ohjeet l\u00e4hetet\u00e4\u00e4n my\u00f6s jo kisaan rekister\u00f6ityneille s\u00e4hk\u00f6postitse.<\/p>\n<p>WDGM:n j\u00e4senet kiilaavat jonossa muiden edelle, mik\u00e4li kisa on t\u00e4ynn\u00e4.<\/p>\n<p>WDGM:n viikkokisat ovat uudistuneet edellisiin vuosiin verrattuna seuraavasti:<\/p>\n<ul>\n<li>Kaikki osakilpailut k\u00e4yd\u00e4\u00e4n <a href=\"https:\/\/discgolfmetrix.com\/?u=map&amp;ID=3450\">Myn\u00e4m\u00e4en DiscGolfParkin<\/a> radalla yhden kierroksen kisana.<\/li>\n<li>Luokat ratingien mukaan.<\/li>\n<li>Rahapalkinnot v\u00e4hint\u00e4\u00e4n luokan voittajille osallistumism\u00e4\u00e4r\u00e4st\u00e4 riippuen. Ei arvontapalkintoa.<\/li>\n<li>Viikkokisamestarit (pisteet) ratkotaan vain j\u00e4senten kesken.<\/li>\n<\/ul>\n<h2>Aikataulu<\/h2>\n<p>Kisat k\u00e4yd\u00e4\u00e4n tiistaisin klo 18 ajalla 2.6. &#8211; 8.9. Yhteens\u00e4 10 osakilpailua ja ne pidet\u00e4\u00e4n noin joka toinen viikko, mutta my\u00f6h\u00e4styneen aloituksen vuoksi loppup\u00e4\u00e4ss\u00e4 on hieman tiiviimpi aikataulu.<\/p>\n<p>Ilmoittautumiset ja kisamaksut klo 17.00 &#8211; 17.30.<\/p>\n<p>Rekister\u00f6inti seuraavaan kisaan aukeaa edellisen\u00e4 osakilpailunp\u00e4iv\u00e4n\u00e4 klo 21.00.<\/p>\n<table>\n<tbody>\n<tr style=\"background-color: #a7aceb;\">\n<td><strong>Osakilpailu <\/strong><\/td>\n<td><strong>Ajankohta<\/strong><\/td>\n<td><strong>Metrix \/ Ilmoittautuminen<\/strong><\/td>\n<\/tr>\n<tr>\n<td>#1<\/td>\n<td>Tiistai 2.6.2020 klo 18:00<\/td>\n<td><a href=\"https:\/\/discgolfmetrix.com\/1247753\">https:\/\/discgolfmetrix.com\/1247753<\/a><\/td>\n<\/tr>\n<tr>\n<td>#2<\/td>\n<td>Tiistai 16.6.2020 klo 18:00<\/td>\n<td><a href=\"https:\/\/discgolfmetrix.com\/1249540\">https:\/\/discgolfmetrix.com\/1249540<\/a><\/td>\n<\/tr>\n<tr>\n<td>#3<\/td>\n<td>Tiistai 30.6.2020 klo 18:00<\/td>\n<td><a href=\"https:\/\/discgolfmetrix.com\/1249546\">https:\/\/discgolfmetrix.com\/1249546<\/a><\/td>\n<\/tr>\n<tr>\n<td>#4<\/td>\n<td>Tiistai 14.7.2020 klo 18:00<\/td>\n<td><a href=\"https:\/\/discgolfmetrix.com\/1259460\">https:\/\/discgolfmetrix.com\/1259460<\/a><\/td>\n<\/tr>\n<tr>\n<td>#5<\/td>\n<td>Tiistai 28.7.2020 klo 18:00<\/td>\n<td><a href=\"https:\/\/discgolfmetrix.com\/1259461\">https:\/\/discgolfmetrix.com\/1259461<\/a><\/td>\n<\/tr>\n<tr>\n<td>#6<\/td>\n<td>Tiistai 4.8.2020 klo 18:00<\/td>\n<td><a href=\"https:\/\/discgolfmetrix.com\/1259463\">https:\/\/discgolfmetrix.com\/1259463<\/a><\/td>\n<\/tr>\n<tr>\n<td>#7<\/td>\n<td>Tiistai 11.8.2020 klo 18:00<\/td>\n<td><a href=\"https:\/\/discgolfmetrix.com\/1259464\">https:\/\/discgolfmetrix.com\/1259464<\/a><\/td>\n<\/tr>\n<tr>\n<td>#8<\/td>\n<td>Tiistai 25.8.2020 klo 18:00<\/td>\n<td><a href=\"https:\/\/discgolfmetrix.com\/1259465\">https:\/\/discgolfmetrix.com\/1259465<\/a><\/td>\n<\/tr>\n<tr>\n<td>#9<\/td>\n<td>Tiistai 1.9.2020 klo 18:00<\/td>\n<td><a href=\"https:\/\/discgolfmetrix.com\/1259468\">https:\/\/discgolfmetrix.com\/1259468<\/a><\/td>\n<\/tr>\n<tr>\n<td>#10<\/td>\n<td>Tiistai 8.9.2020 klo 18:00<\/td>\n<td><a href=\"https:\/\/discgolfmetrix.com\/1259469\">https:\/\/discgolfmetrix.com\/1259469<\/a><\/td>\n<\/tr>\n<\/tbody>\n<\/table>\n<h2>Osakilpailu<\/h2>\n<p>Jokaisessa osakilpailussa jaetaan rahapalkinnot luokan osallistujam\u00e4\u00e4r\u00e4n mukaan. Mik\u00e4li palkintosijoilla on useammalla pelaajalla sama tulos, niin sijoitukset ratkaistaan sudarilla.<\/p>\n<h2>Viikkokisamestari<\/h2>\n<p>WDGM:n viikkokisamestari ratkotaan vain j\u00e4senten kesken. Tuloksissa huomioidaan kuuden parhaan osakilpailun pisteet.<\/p>\n<ul>\n<li>luokan voittaja saa 0 pistett\u00e4.<\/li>\n<li>muille tulee &#8220;oma tulos&#8221; &#8211; &#8220;luokan voittajan tulos&#8221; verran pisteit\u00e4.<\/li>\n<li>pelaaja saa 25 pistett\u00e4 niist\u00e4 osakilpailuista joihin h\u00e4n ei ole osallistunut.<\/li>\n<\/ul>\n<p>Voittaja on se jolla on v\u00e4hiten ker\u00e4ttyj\u00e4 pisteit\u00e4 kauden p\u00e4\u00e4tteeksi. Pelaajan tulokseen lis\u00e4t\u00e4\u00e4n 25 pistett\u00e4 niist\u00e4 kisoista joihin h\u00e4n ei osallistu.<\/p>\n<p>Viikkokisamestarit palkitaan pokaalein ja kiertopalkinnolla.<\/p>\n<h2>CTP<\/h2>\n<p>Jokaisesssa osakilpailussa j\u00e4rjestet\u00e4\u00e4n my\u00f6s CTP (closest to pin) kisa. Voittaja saa CTP-kisaan osallistuneiden osallistumismaksut. Mik\u00e4li voittotulos on yli 5 metri\u00e4, palkintoa ei jaeta lainkaan, vaan se lis\u00e4t\u00e4\u00e4n seuraavan osakilpailun CTP pottiin.<\/p>\n<h2>Holaripotti<\/h2>\n<p>Holaripotti jaetaan kisassa hole-in-one:n heitt\u00e4neiden pelaajien kesken. Potti on minimiss\u00e4\u00e4n 50\u20ac ja l\u00e4htee nousemaan mukaan kun osallistumismaksut ylitt\u00e4v\u00e4t pohjakassan ja jos potti ei ole mennyt jakoon.<\/p>\n<h2>Osallistumismaksut<\/h2>\n<p>Osallistumismaksu on 5 \u20ac, joka sis\u00e4lt\u00e4\u00e4 osakilpailumaksun 3 \u20ac, CTP 1 \u20ac ja holaripotin 1 \u20ac.<\/p>\n<p>J\u00e4senill\u00e4 on mahdollisuus osallistua my\u00f6s pelkk\u00e4\u00e4n pistekisaan, jolloin osallistumismaksua ei tarvitse maksaa. WDGM lis\u00e4\u00e4 kuitenkin pelaajan luokan palkintopottiin h\u00e4nen osuutensa. Mik\u00e4li pelaja p\u00e4\u00e4see kisassa palkinnoille seura kuittaa palkintorahat itselleen. CTP ja holaripotti eiv\u00e4t kasva kyseisen pelaajan osalta eik\u00e4 h\u00e4nen tulostaan huomioida niiden osalta.<\/p>\n<h2>Payout<\/h2>\n<p>Osakilpailun payout on luokan pelaajam\u00e4\u00e4r\u00e4st\u00e4 riippuen hieman alle tai yli 100% alla olevan taulukon mukaisesti.<\/p>\n<table style=\"height: 548px;\" border=\"1\" width=\"331\" cellspacing=\"1\" cellpadding=\"1\" align=\"center\">\n<thead>\n<tr style=\"background-color: #a7aceb;\">\n<th scope=\"col\">Pelaajat<\/th>\n<th scope=\"col\">1.<\/th>\n<th scope=\"col\">2.<\/th>\n<th scope=\"col\">3.<\/th>\n<\/tr>\n<\/thead>\n<tbody>\n<tr>\n<td>1-2<\/td>\n<td>5 \u20ac<\/td>\n<td><\/td>\n<td><\/td>\n<\/tr>\n<tr>\n<td>3-4<\/td>\n<td>10 \u20ac<\/td>\n<td><\/td>\n<td><\/td>\n<\/tr>\n<tr>\n<td>5-6<\/td>\n<td>15 \u20ac<\/td>\n<td><\/td>\n<td><\/td>\n<\/tr>\n<tr>\n<td>7-8<\/td>\n<td>20 \u20ac<\/td>\n<td><\/td>\n<td><\/td>\n<\/tr>\n<tr>\n<td>9-10<\/td>\n<td>30 \u20ac<\/td>\n<td><\/td>\n<td><\/td>\n<\/tr>\n<tr>\n<td>11-12<\/td>\n<td>30 \u20ac<\/td>\n<td>5 \u20ac<\/td>\n<td><\/td>\n<\/tr>\n<tr>\n<td>13-14<\/td>\n<td>30 \u20ac<\/td>\n<td>10 \u20ac<\/td>\n<td><\/td>\n<\/tr>\n<tr>\n<td>15-16<\/td>\n<td>30 \u20ac<\/td>\n<td>15 \u20ac<\/td>\n<td><\/td>\n<\/tr>\n<tr>\n<td>17-18<\/td>\n<td>35 \u20ac<\/td>\n<td>15 \u20ac<\/td>\n<td><\/td>\n<\/tr>\n<tr>\n<td>19-20<\/td>\n<td>40 \u20ac<\/td>\n<td>20 \u20ac<\/td>\n<td><\/td>\n<\/tr>\n<tr>\n<td>21-22<\/td>\n<td>40 \u20ac<\/td>\n<td>20 \u20ac<\/td>\n<td>5 \u20ac<\/td>\n<\/tr>\n<tr>\n<td>23-24<\/td>\n<td>40 \u20ac<\/td>\n<td>20 \u20ac<\/td>\n<td>10 \u20ac<\/td>\n<\/tr>\n<tr>\n<td>25-26<\/td>\n<td>45 \u20ac<\/td>\n<td>20 \u20ac<\/td>\n<td>10 \u20ac<\/td>\n<\/tr>\n<tr>\n<td>27-28<\/td>\n<td>50 \u20ac<\/td>\n<td>20 \u20ac<\/td>\n<td>10 $<\/td>\n<\/tr>\n<tr>\n<td>29-30<\/td>\n<td>50 \u20ac<\/td>\n<td>25 \u20ac<\/td>\n<td>15 \u20ac<\/td>\n<\/tr>\n<tr>\n<td>31-32<\/td>\n<td>50 \u20ac<\/td>\n<td>30 \u20ac<\/td>\n<td>15 \u20ac<\/td>\n<\/tr>\n<tr>\n<td>33-34<\/td>\n<td>55 \u20ac<\/td>\n<td>30 \u20ac<\/td>\n<td>15 \u20ac<\/td>\n<\/tr>\n<tr>\n<td>35-36<\/td>\n<td>60 \u20ac<\/td>\n<td>30 \u20ac<\/td>\n<td>15 \u20ac<\/td>\n<\/tr>\n<tr>\n<td>37-38<\/td>\n<td>60 \u20ac<\/td>\n<td>35 \u20ac<\/td>\n<td>15 \u20ac<\/td>\n<\/tr>\n<tr>\n<td>39-40<\/td>\n<td>60 \u20ac<\/td>\n<td>40 \u20ac<\/td>\n<td>20 \u20ac<\/td>\n<\/tr>\n<\/tbody>\n<\/table>\n","protected":false},"excerpt":{"rendered":"<p>Yleist\u00e4 Kisat ovat kaikille avoimet. My\u00f6s kes\u00e4kuun maksimiosallistujam\u00e4\u00e4r\u00e4 on nostettu 50:st\u00e4 72:een pelaajaan aluehallintoviraston ohjeistuksia noudattaen. Toukokuun viimeisell\u00e4 viikolla p\u00e4ivtet\u00e4\u00e4n kisan Metrix infoon viel\u00e4 tarkempia ohjeita j\u00e4rjestelyiden suhteen ja ohjeet l\u00e4hetet\u00e4\u00e4n my\u00f6s jo kisaan rekister\u00f6ityneille s\u00e4hk\u00f6postitse. WDGM:n j\u00e4senet kiilaavat jonossa muiden edelle, mik\u00e4li kisa on t\u00e4ynn\u00e4. WDGM:n viikkokisat ovat uudistuneet edellisiin vuosiin verrattuna seuraavasti: Kaikki &#8230; <a title=\"Viikkokisat\" class=\"read-more\" href=\"https:\/\/www.wirmodiscgolf.fi\/wordpress\/kisat\/viikkokisat\/\" aria-label=\"Lue lis\u00e4\u00e4 aiheesta Viikkokisat\">Lue lis\u00e4\u00e4<\/a><\/p>\n","protected":false},"author":2,"featured_media":0,"parent":28,"menu_order":0,"comment_status":"closed","ping_status":"closed","template":"","meta":{"footnotes":""},"class_list":["post-706","page","type-page","status-publish"],"_links":{"self":[{"href":"https:\/\/www.wirmodiscgolf.fi\/wordpress\/wp-json\/wp\/v2\/pages\/706","targetHints":{"allow":["GET"]}}],"collection":[{"href":"https:\/\/www.wirmodiscgolf.fi\/wordpress\/wp-json\/wp\/v2\/pages"}],"about":[{"href":"https:\/\/www.wirmodiscgolf.fi\/wordpress\/wp-json\/wp\/v2\/types\/page"}],"author":[{"embeddable":true,"href":"https:\/\/www.wirmodiscgolf.fi\/wordpress\/wp-json\/wp\/v2\/users\/2"}],"replies":[{"embeddable":true,"href":"https:\/\/www.wirmodiscgolf.fi\/wordpress\/wp-json\/wp\/v2\/comments?post=706"}],"version-history":[{"count":22,"href":"https:\/\/www.wirmodiscgolf.fi\/wordpress\/wp-json\/wp\/v2\/pages\/706\/revisions"}],"predecessor-version":[{"id":1895,"href":"https:\/\/www.wirmodiscgolf.fi\/wordpress\/wp-json\/wp\/v2\/pages\/706\/revisions\/1895"}],"up":[{"embeddable":true,"href":"https:\/\/www.wirmodiscgolf.fi\/wordpress\/wp-json\/wp\/v2\/pages\/28"}],"wp:attachment":[{"href":"https:\/\/www.wirmodiscgolf.fi\/wordpress\/wp-json\/wp\/v2\/media?parent=706"}],"curies":[{"name":"wp","href":"https:\/\/api.w.org\/{rel}","templated":true}]}}