{"id":358,"date":"2017-01-28T19:49:09","date_gmt":"2017-01-28T17:49:09","guid":{"rendered":"http:\/\/www.wirmodiscgolf.fi\/?page_id=358"},"modified":"2019-01-27T13:32:06","modified_gmt":"2019-01-27T11:32:06","slug":"hallimestaruuskisat","status":"publish","type":"page","link":"https:\/\/www.wirmodiscgolf.fi\/wordpress\/kisat\/hallimestaruuskisat\/","title":{"rendered":"Hallimestaruuskisat"},"content":{"rendered":"<p>Vuonna 2019 j\u00e4rjestet\u00e4\u00e4n Wirmo DiscGolf Myn\u00e4m\u00e4en nelj\u00e4nnet hallimestaruuskisat. Kisat k\u00e4yd\u00e4\u00e4n Sporttihallissa (Urheilutie 9) nelj\u00e4n\u00e4 per\u00e4tt\u00e4isen\u00e4 sunnuntaina klo 10.30-12.00 ja ensimm\u00e4iset kisat pidet\u00e4\u00e4n su 20.1.<\/p>\n<p>Osakilpailuvoitosta saa 10 pistett\u00e4, 2. 9 pistett\u00e4 jne. ja 10. ja sen j\u00e4lkeen sijoittuneet 1 pisteen.<\/p>\n<p>Nelj\u00e4st\u00e4 osakilpailusta eniten pisteit\u00e4 ker\u00e4nnyt kruunataan kauden 2019 Hallimestariksi.<\/p>\n<p>Yksi luokka eli miehet, naiset, juniorit, seniorit, jne. kilpailevat kaikki samassa.<\/p>\n<p>J\u00e4senet <strong>0\u20ac<\/strong> ja muut 3<strong>\u20ac<\/strong> per kerta.<\/p>\n<table style=\"height: 229px; width: 50%;\" width=\"1065\">\n<tbody>\n<tr style=\"background-color: #000000;\">\n<td><span style=\"color: #ffffff; font-size: 14pt;\"><strong>Pvm<\/strong><\/span><\/td>\n<td><span style=\"color: #ffffff; font-size: 14pt;\"><strong>Kilpailu<\/strong><\/span><\/td>\n<\/tr>\n<tr>\n<td>20.1.<\/td>\n<td>Avausheitto<\/td>\n<\/tr>\n<tr>\n<td>27.1.<\/td>\n<td>Puttikisa. Tuplakisa eli speedputting ja &#8220;eteneminen&#8221;. Molemmista jaetaan omat pisteet.<\/td>\n<\/tr>\n<tr>\n<td>3.2.<\/td>\n<td>Esteen kierto &#8211; antsa ja hyssa<\/td>\n<\/tr>\n<tr>\n<td>10.2.<\/td>\n<td>Tarkkuusheitto<\/td>\n<\/tr>\n<\/tbody>\n<\/table>\n<p>&nbsp;<\/p>\n","protected":false},"excerpt":{"rendered":"<p>Vuonna 2019 j\u00e4rjestet\u00e4\u00e4n Wirmo DiscGolf Myn\u00e4m\u00e4en nelj\u00e4nnet hallimestaruuskisat. Kisat k\u00e4yd\u00e4\u00e4n Sporttihallissa (Urheilutie 9) nelj\u00e4n\u00e4 per\u00e4tt\u00e4isen\u00e4 sunnuntaina klo 10.30-12.00 ja ensimm\u00e4iset kisat pidet\u00e4\u00e4n su 20.1. Osakilpailuvoitosta saa 10 pistett\u00e4, 2. 9 pistett\u00e4 jne. ja 10. ja sen j\u00e4lkeen sijoittuneet 1 pisteen. Nelj\u00e4st\u00e4 osakilpailusta eniten pisteit\u00e4 ker\u00e4nnyt kruunataan kauden 2019 Hallimestariksi. Yksi luokka eli miehet, naiset, juniorit, &#8230; <a title=\"Hallimestaruuskisat\" class=\"read-more\" href=\"https:\/\/www.wirmodiscgolf.fi\/wordpress\/kisat\/hallimestaruuskisat\/\" aria-label=\"Lue lis\u00e4\u00e4 aiheesta Hallimestaruuskisat\">Lue lis\u00e4\u00e4<\/a><\/p>\n","protected":false},"author":2,"featured_media":0,"parent":28,"menu_order":0,"comment_status":"closed","ping_status":"closed","template":"","meta":{"footnotes":""},"class_list":["post-358","page","type-page","status-publish"],"_links":{"self":[{"href":"https:\/\/www.wirmodiscgolf.fi\/wordpress\/wp-json\/wp\/v2\/pages\/358","targetHints":{"allow":["GET"]}}],"collection":[{"href":"https:\/\/www.wirmodiscgolf.fi\/wordpress\/wp-json\/wp\/v2\/pages"}],"about":[{"href":"https:\/\/www.wirmodiscgolf.fi\/wordpress\/wp-json\/wp\/v2\/types\/page"}],"author":[{"embeddable":true,"href":"https:\/\/www.wirmodiscgolf.fi\/wordpress\/wp-json\/wp\/v2\/users\/2"}],"replies":[{"embeddable":true,"href":"https:\/\/www.wirmodiscgolf.fi\/wordpress\/wp-json\/wp\/v2\/comments?post=358"}],"version-history":[{"count":6,"href":"https:\/\/www.wirmodiscgolf.fi\/wordpress\/wp-json\/wp\/v2\/pages\/358\/revisions"}],"predecessor-version":[{"id":1489,"href":"https:\/\/www.wirmodiscgolf.fi\/wordpress\/wp-json\/wp\/v2\/pages\/358\/revisions\/1489"}],"up":[{"embeddable":true,"href":"https:\/\/www.wirmodiscgolf.fi\/wordpress\/wp-json\/wp\/v2\/pages\/28"}],"wp:attachment":[{"href":"https:\/\/www.wirmodiscgolf.fi\/wordpress\/wp-json\/wp\/v2\/media?parent=358"}],"curies":[{"name":"wp","href":"https:\/\/api.w.org\/{rel}","templated":true}]}}