{"id":34,"date":"2016-12-28T17:29:05","date_gmt":"2016-12-28T17:29:05","guid":{"rendered":"http:\/\/www.wirmodiscgolf.fi\/wordpress\/?page_id=34"},"modified":"2023-01-13T23:17:06","modified_gmt":"2023-01-13T21:17:06","slug":"hallitus","status":"publish","type":"page","link":"https:\/\/www.wirmodiscgolf.fi\/wordpress\/seuratoiminta\/hallitus\/","title":{"rendered":"Hallitus 2023"},"content":{"rendered":"\n<p>Vuoden 2023 hallituksen kokoonpano on seuraava:<\/p>\n\n\n\n<figure class=\"wp-block-table is-style-stripes\"><table class=\"has-fixed-layout\"><tbody><tr><td><span style=\"font-size: 16pt;\"><strong>Nimi<\/strong><\/span><\/td><td><span style=\"font-size: 16pt;\"><strong>Rooli<\/strong><\/span><\/td><\/tr><tr><td><strong>Tommi Lautanala<\/strong><\/td><td>puheenjohtaja, kisavastaava<\/td><\/tr><tr><td><strong>Mikke Haaranen<\/strong><\/td><td>varapuheenjohtaja, nuoriso-, rata- ja tiedotusvastaava<\/td><\/tr><tr><td><strong>Tiina Jaatinen<\/strong><\/td><td>sihteeri ja taloudenhoitaja<\/td><\/tr><tr><td><strong>Juho Lamerto<\/strong><\/td><td>j\u00e4senasiat<\/td><\/tr><tr><td><strong>Eetu Salom\u00e4ki<\/strong><\/td><td>rivij\u00e4sen<\/td><\/tr><tr><td><strong><strong>Oskari Forst\u00e9n<\/strong><\/strong><\/td><td>varaj\u00e4sen<\/td><\/tr><tr><td><strong>Jani Randen<\/strong><\/td><td>varaj\u00e4sen<\/td><\/tr><\/tbody><\/table><\/figure>\n","protected":false},"excerpt":{"rendered":"<p>Vuoden 2023 hallituksen kokoonpano on seuraava: Nimi Rooli Tommi Lautanala puheenjohtaja, kisavastaava Mikke Haaranen varapuheenjohtaja, nuoriso-, rata- ja tiedotusvastaava Tiina Jaatinen sihteeri ja taloudenhoitaja Juho Lamerto j\u00e4senasiat Eetu Salom\u00e4ki rivij\u00e4sen Oskari Forst\u00e9n varaj\u00e4sen Jani Randen varaj\u00e4sen<\/p>\n","protected":false},"author":1,"featured_media":0,"parent":19,"menu_order":0,"comment_status":"closed","ping_status":"closed","template":"","meta":{"footnotes":""},"class_list":["post-34","page","type-page","status-publish"],"_links":{"self":[{"href":"https:\/\/www.wirmodiscgolf.fi\/wordpress\/wp-json\/wp\/v2\/pages\/34","targetHints":{"allow":["GET"]}}],"collection":[{"href":"https:\/\/www.wirmodiscgolf.fi\/wordpress\/wp-json\/wp\/v2\/pages"}],"about":[{"href":"https:\/\/www.wirmodiscgolf.fi\/wordpress\/wp-json\/wp\/v2\/types\/page"}],"author":[{"embeddable":true,"href":"https:\/\/www.wirmodiscgolf.fi\/wordpress\/wp-json\/wp\/v2\/users\/1"}],"replies":[{"embeddable":true,"href":"https:\/\/www.wirmodiscgolf.fi\/wordpress\/wp-json\/wp\/v2\/comments?post=34"}],"version-history":[{"count":19,"href":"https:\/\/www.wirmodiscgolf.fi\/wordpress\/wp-json\/wp\/v2\/pages\/34\/revisions"}],"predecessor-version":[{"id":2253,"href":"https:\/\/www.wirmodiscgolf.fi\/wordpress\/wp-json\/wp\/v2\/pages\/34\/revisions\/2253"}],"up":[{"embeddable":true,"href":"https:\/\/www.wirmodiscgolf.fi\/wordpress\/wp-json\/wp\/v2\/pages\/19"}],"wp:attachment":[{"href":"https:\/\/www.wirmodiscgolf.fi\/wordpress\/wp-json\/wp\/v2\/media?parent=34"}],"curies":[{"name":"wp","href":"https:\/\/api.w.org\/{rel}","templated":true}]}}