{"id":327,"date":"2017-01-10T21:39:37","date_gmt":"2017-01-10T19:39:37","guid":{"rendered":"http:\/\/www.wirmodiscgolf.fi\/?page_id=327"},"modified":"2018-05-11T12:13:25","modified_gmt":"2018-05-11T09:13:25","slug":"bagtag","status":"publish","type":"page","link":"https:\/\/www.wirmodiscgolf.fi\/wordpress\/kisat\/bagtag\/","title":{"rendered":"BagTag"},"content":{"rendered":"<p><a href=\"http:\/\/www.wirmodiscgolf.fi\/kisat\/bagtag\/bagtag-tilanne\/\">TILANNE<\/a><\/p>\n<p>WDGM:n BagTag kisa aloitetaan taas huhtikuussa kauden 2018 osalta. Avauskierroksella tagit arvotaan osallistujien kesken ja muille tagit jaetaan sitten numeroj\u00e4rjestyksess\u00e4.<\/p>\n<table>\n<tbody>\n<tr>\n<td><a href=\"http:\/\/www.wirmodiscgolf.fi\/wordpress\/wp-content\/uploads\/2018\/03\/backtag2018.png\"><img loading=\"lazy\" decoding=\"async\" class=\"alignnone wp-image-1223\" src=\"http:\/\/www.wirmodiscgolf.fi\/wordpress\/wp-content\/uploads\/2018\/03\/backtag2018.png\" alt=\"\" width=\"284\" height=\"284\" srcset=\"https:\/\/www.wirmodiscgolf.fi\/wordpress\/wp-content\/uploads\/2018\/03\/backtag2018.png 921w, https:\/\/www.wirmodiscgolf.fi\/wordpress\/wp-content\/uploads\/2018\/03\/backtag2018-150x150.png 150w, https:\/\/www.wirmodiscgolf.fi\/wordpress\/wp-content\/uploads\/2018\/03\/backtag2018-300x300.png 300w, https:\/\/www.wirmodiscgolf.fi\/wordpress\/wp-content\/uploads\/2018\/03\/backtag2018-768x768.png 768w\" sizes=\"auto, (max-width: 284px) 100vw, 284px\" \/><\/a><\/td>\n<td><a href=\"http:\/\/www.wirmodiscgolf.fi\/wordpress\/wp-content\/uploads\/2018\/03\/bagtag-2018.png\"><img loading=\"lazy\" decoding=\"async\" class=\"alignnone wp-image-1225\" src=\"http:\/\/www.wirmodiscgolf.fi\/wordpress\/wp-content\/uploads\/2018\/03\/bagtag-2018-1024x643.png\" alt=\"\" width=\"383\" height=\"240\" srcset=\"https:\/\/www.wirmodiscgolf.fi\/wordpress\/wp-content\/uploads\/2018\/03\/bagtag-2018-1024x643.png 1024w, https:\/\/www.wirmodiscgolf.fi\/wordpress\/wp-content\/uploads\/2018\/03\/bagtag-2018-300x188.png 300w, https:\/\/www.wirmodiscgolf.fi\/wordpress\/wp-content\/uploads\/2018\/03\/bagtag-2018-768x483.png 768w, https:\/\/www.wirmodiscgolf.fi\/wordpress\/wp-content\/uploads\/2018\/03\/bagtag-2018.png 2031w\" sizes=\"auto, (max-width: 383px) 100vw, 383px\" \/><\/a><\/td>\n<\/tr>\n<tr>\n<td><strong>BagTag #1<\/strong><\/td>\n<td><strong>Muut numerot<\/strong><\/td>\n<\/tr>\n<\/tbody>\n<\/table>\n<table>\n<tbody>\n<tr>\n<td>Kauden aikana BagTag #1 haltija saa nauttia omasta parkkipaikastaan Myn\u00e4m\u00e4en radan aitiopaikalla, muiden krusaillessa pitkin pit\u00e4j\u00e4\u00e4 omaa paikkaansa etsiess\u00e4.<\/td>\n<td><a href=\"http:\/\/www.wirmodiscgolf.fi\/wordpress\/wp-content\/uploads\/2018\/03\/parkki.png\"><img loading=\"lazy\" decoding=\"async\" class=\"alignnone wp-image-1224\" src=\"http:\/\/www.wirmodiscgolf.fi\/wordpress\/wp-content\/uploads\/2018\/03\/parkki-1024x1024.png\" alt=\"\" width=\"323\" height=\"323\" srcset=\"https:\/\/www.wirmodiscgolf.fi\/wordpress\/wp-content\/uploads\/2018\/03\/parkki-1024x1024.png 1024w, https:\/\/www.wirmodiscgolf.fi\/wordpress\/wp-content\/uploads\/2018\/03\/parkki-150x150.png 150w, https:\/\/www.wirmodiscgolf.fi\/wordpress\/wp-content\/uploads\/2018\/03\/parkki-300x300.png 300w, https:\/\/www.wirmodiscgolf.fi\/wordpress\/wp-content\/uploads\/2018\/03\/parkki-768x768.png 768w\" sizes=\"auto, (max-width: 323px) 100vw, 323px\" \/><\/a><\/td>\n<\/tr>\n<\/tbody>\n<\/table>\n<p>&nbsp;<\/p>\n<p>Kauden p\u00e4\u00e4tteeksi syyskokouksessa Tag #1 omistaja palkitaan 25 \u20ac lahjakortilla.<\/p>\n<p>WDGM:n omissa harjoituksissa ja viikkokisoissa kierrokselle l\u00e4htij\u00e4t j\u00e4rjestet\u00e4\u00e4n siten, ett\u00e4 kaksi pienint\u00e4 tagnumeroa laitetaan samaan ryhm\u00e4\u00e4n. Mik\u00e4li Metrix on laittanut n\u00e4m\u00e4 alunperin eri ryhmiin niin vaihdetaan pelaajien paikkaa siten, ett\u00e4 toiseksi pienimm\u00e4n taginumeron pelaaja siirret\u00e4\u00e4n samaan ryhm\u00e4\u00e4n pienimm\u00e4n taginumeron pelaajan kanssa ja t\u00e4st\u00e4 ryhm\u00e4st\u00e4 siirret\u00e4\u00e4n toiseen ryhm\u00e4\u00e4n<\/p>\n<ol>\n<li>Ensisijoisesti pelaaja jolla ei ole WDGM BagTagi\u00e4.<\/li>\n<li>Tai vaihtoehtoisesti pelaaja jonka taginumero on suurin.<\/li>\n<\/ol>\n<p>&nbsp;<\/p>\n<p>&nbsp;<\/p>\n","protected":false},"excerpt":{"rendered":"<p>TILANNE WDGM:n BagTag kisa aloitetaan taas huhtikuussa kauden 2018 osalta. Avauskierroksella tagit arvotaan osallistujien kesken ja muille tagit jaetaan sitten numeroj\u00e4rjestyksess\u00e4. BagTag #1 Muut numerot Kauden aikana BagTag #1 haltija saa nauttia omasta parkkipaikastaan Myn\u00e4m\u00e4en radan aitiopaikalla, muiden krusaillessa pitkin pit\u00e4j\u00e4\u00e4 omaa paikkaansa etsiess\u00e4. &nbsp; Kauden p\u00e4\u00e4tteeksi syyskokouksessa Tag #1 omistaja palkitaan 25 \u20ac lahjakortilla. &#8230; <a title=\"BagTag\" class=\"read-more\" href=\"https:\/\/www.wirmodiscgolf.fi\/wordpress\/kisat\/bagtag\/\" aria-label=\"Lue lis\u00e4\u00e4 aiheesta BagTag\">Lue lis\u00e4\u00e4<\/a><\/p>\n","protected":false},"author":2,"featured_media":0,"parent":28,"menu_order":0,"comment_status":"closed","ping_status":"closed","template":"","meta":{"footnotes":""},"class_list":["post-327","page","type-page","status-publish"],"_links":{"self":[{"href":"https:\/\/www.wirmodiscgolf.fi\/wordpress\/wp-json\/wp\/v2\/pages\/327","targetHints":{"allow":["GET"]}}],"collection":[{"href":"https:\/\/www.wirmodiscgolf.fi\/wordpress\/wp-json\/wp\/v2\/pages"}],"about":[{"href":"https:\/\/www.wirmodiscgolf.fi\/wordpress\/wp-json\/wp\/v2\/types\/page"}],"author":[{"embeddable":true,"href":"https:\/\/www.wirmodiscgolf.fi\/wordpress\/wp-json\/wp\/v2\/users\/2"}],"replies":[{"embeddable":true,"href":"https:\/\/www.wirmodiscgolf.fi\/wordpress\/wp-json\/wp\/v2\/comments?post=327"}],"version-history":[{"count":5,"href":"https:\/\/www.wirmodiscgolf.fi\/wordpress\/wp-json\/wp\/v2\/pages\/327\/revisions"}],"predecessor-version":[{"id":1383,"href":"https:\/\/www.wirmodiscgolf.fi\/wordpress\/wp-json\/wp\/v2\/pages\/327\/revisions\/1383"}],"up":[{"embeddable":true,"href":"https:\/\/www.wirmodiscgolf.fi\/wordpress\/wp-json\/wp\/v2\/pages\/28"}],"wp:attachment":[{"href":"https:\/\/www.wirmodiscgolf.fi\/wordpress\/wp-json\/wp\/v2\/media?parent=327"}],"curies":[{"name":"wp","href":"https:\/\/api.w.org\/{rel}","templated":true}]}}