{"id":230,"date":"2017-01-01T11:14:13","date_gmt":"2017-01-01T09:14:13","guid":{"rendered":"http:\/\/www.wirmodiscgolf.fi\/?page_id=230"},"modified":"2018-02-25T10:15:13","modified_gmt":"2018-02-25T08:15:13","slug":"yhdistyksen-saannot","status":"publish","type":"page","link":"https:\/\/www.wirmodiscgolf.fi\/wordpress\/seuratoiminta\/yhdistyksen-saannot\/","title":{"rendered":"Yhdistyksen s\u00e4\u00e4nn\u00f6t"},"content":{"rendered":"<a href=\"https:\/\/www.wirmodiscgolf.fi\/wordpress\/wp-content\/uploads\/2018\/02\/WDGM_S\u00e4\u00e4nn\u00f6t-2017.pdf\" class=\"pdfemb-viewer\" style=\"\" data-width=\"max\" data-height=\"max\" data-toolbar=\"bottom\" data-toolbar-fixed=\"off\">S\u00e4\u00e4nn\u00f6t<\/a>\n","protected":false},"excerpt":{"rendered":"","protected":false},"author":2,"featured_media":0,"parent":19,"menu_order":0,"comment_status":"closed","ping_status":"closed","template":"","meta":{"footnotes":""},"class_list":["post-230","page","type-page","status-publish"],"_links":{"self":[{"href":"https:\/\/www.wirmodiscgolf.fi\/wordpress\/wp-json\/wp\/v2\/pages\/230","targetHints":{"allow":["GET"]}}],"collection":[{"href":"https:\/\/www.wirmodiscgolf.fi\/wordpress\/wp-json\/wp\/v2\/pages"}],"about":[{"href":"https:\/\/www.wirmodiscgolf.fi\/wordpress\/wp-json\/wp\/v2\/types\/page"}],"author":[{"embeddable":true,"href":"https:\/\/www.wirmodiscgolf.fi\/wordpress\/wp-json\/wp\/v2\/users\/2"}],"replies":[{"embeddable":true,"href":"https:\/\/www.wirmodiscgolf.fi\/wordpress\/wp-json\/wp\/v2\/comments?post=230"}],"version-history":[{"count":4,"href":"https:\/\/www.wirmodiscgolf.fi\/wordpress\/wp-json\/wp\/v2\/pages\/230\/revisions"}],"predecessor-version":[{"id":1157,"href":"https:\/\/www.wirmodiscgolf.fi\/wordpress\/wp-json\/wp\/v2\/pages\/230\/revisions\/1157"}],"up":[{"embeddable":true,"href":"https:\/\/www.wirmodiscgolf.fi\/wordpress\/wp-json\/wp\/v2\/pages\/19"}],"wp:attachment":[{"href":"https:\/\/www.wirmodiscgolf.fi\/wordpress\/wp-json\/wp\/v2\/media?parent=230"}],"curies":[{"name":"wp","href":"https:\/\/api.w.org\/{rel}","templated":true}]}}