{"id":224,"date":"2016-12-31T23:21:39","date_gmt":"2016-12-31T23:21:39","guid":{"rendered":"http:\/\/www.wirmodiscgolf.fi\/?page_id=224"},"modified":"2017-01-02T10:19:06","modified_gmt":"2017-01-02T08:19:06","slug":"jasenille","status":"publish","type":"page","link":"https:\/\/www.wirmodiscgolf.fi\/wordpress\/jasenille\/","title":{"rendered":"J\u00e4senille"},"content":{"rendered":"<p><code><form name=\"loginform-custom\" id=\"loginform-custom\" action=\"https:\/\/www.wirmodiscgolf.fi\/wordpress\/wp-login.php\" method=\"post\"><p class=\"login-username\">\n\t\t\t\t<label for=\"user_login\">K\u00e4ytt\u00e4j\u00e4nimi tai s\u00e4hk\u00f6posti<\/label>\n\t\t\t\t<input type=\"text\" name=\"log\" id=\"user_login\" autocomplete=\"username\" class=\"input\" value=\"\" size=\"20\" \/>\n\t\t\t<\/p><p class=\"login-password\">\n\t\t\t\t<label for=\"user_pass\">Salasana<\/label>\n\t\t\t\t<input type=\"password\" name=\"pwd\" id=\"user_pass\" autocomplete=\"current-password\" spellcheck=\"false\" class=\"input\" value=\"\" size=\"20\" \/>\n\t\t\t<\/p><p class=\"login-remember\"><label><input name=\"rememberme\" type=\"checkbox\" id=\"rememberme\" value=\"forever\" \/> Muista minut<\/label><\/p><p class=\"login-submit\">\n\t\t\t\t<input type=\"submit\" name=\"wp-submit\" id=\"wp-submit\" class=\"button button-primary\" value=\"Kirjaudu\" \/>\n\t\t\t\t<input type=\"hidden\" name=\"redirect_to\" value=\"https:\/\/www.wirmodiscgolf.fi\/wordpress\/wp-json\/wp\/v2\/pages\/224\" \/>\n\t\t\t<\/p><\/form>\t<a href=\"https:\/\/www.wirmodiscgolf.fi\/wordpress\/wp-login.php?action=lostpassword\" title=\"Lost Password\">Sanasana hukassa?<\/a>\r\n<\/code><\/p>\n","protected":false},"excerpt":{"rendered":"","protected":false},"author":2,"featured_media":0,"parent":0,"menu_order":0,"comment_status":"closed","ping_status":"closed","template":"","meta":{"footnotes":""},"class_list":["post-224","page","type-page","status-publish"],"_links":{"self":[{"href":"https:\/\/www.wirmodiscgolf.fi\/wordpress\/wp-json\/wp\/v2\/pages\/224","targetHints":{"allow":["GET"]}}],"collection":[{"href":"https:\/\/www.wirmodiscgolf.fi\/wordpress\/wp-json\/wp\/v2\/pages"}],"about":[{"href":"https:\/\/www.wirmodiscgolf.fi\/wordpress\/wp-json\/wp\/v2\/types\/page"}],"author":[{"embeddable":true,"href":"https:\/\/www.wirmodiscgolf.fi\/wordpress\/wp-json\/wp\/v2\/users\/2"}],"replies":[{"embeddable":true,"href":"https:\/\/www.wirmodiscgolf.fi\/wordpress\/wp-json\/wp\/v2\/comments?post=224"}],"version-history":[{"count":7,"href":"https:\/\/www.wirmodiscgolf.fi\/wordpress\/wp-json\/wp\/v2\/pages\/224\/revisions"}],"predecessor-version":[{"id":258,"href":"https:\/\/www.wirmodiscgolf.fi\/wordpress\/wp-json\/wp\/v2\/pages\/224\/revisions\/258"}],"wp:attachment":[{"href":"https:\/\/www.wirmodiscgolf.fi\/wordpress\/wp-json\/wp\/v2\/media?parent=224"}],"curies":[{"name":"wp","href":"https:\/\/api.w.org\/{rel}","templated":true}]}}