{"id":200,"date":"2016-12-30T21:45:00","date_gmt":"2016-12-30T21:45:00","guid":{"rendered":"http:\/\/www.wirmodiscgolf.fi\/?page_id=200"},"modified":"2023-01-13T23:18:31","modified_gmt":"2023-01-13T21:18:31","slug":"linkkeja","status":"publish","type":"page","link":"https:\/\/www.wirmodiscgolf.fi\/wordpress\/seuratoiminta\/linkkeja\/","title":{"rendered":"Linkkej\u00e4"},"content":{"rendered":"<p>Alla on listattu joitakin frisbeegolfiin liittyvi\u00e4 olennaisia linkkej\u00e4:<\/p>\n<table style=\"border: 0px;\">\n<tbody>\n<tr>\n<td style=\"width: 25%; border: 0px;\"><a href=\"https:\/\/frisbeegolfliitto.fi\/\" target=\"_blank\" rel=\"noopener\">Suomen frisbeegolfliitto<\/a><\/td>\n<td style=\"border: 0px;\">SFL on kansallinen lajiliitto, jonka j\u00e4seni\u00e4 seurat ovat. Jokainen seuran j\u00e4sen on my\u00f6s automaattisesti SFL j\u00e4sen.<\/td>\n<\/tr>\n<tr>\n<td style=\"width: 25%; border: 0px;\"><a href=\"http:\/\/frisbeegolfkouluttajat.fi\" target=\"_blank\" rel=\"noopener\">Suomen frisbeegolfkouluttajat<\/a><\/td>\n<td style=\"border: 0px;\">SFK vastaa SFL:n valmennuksen kehitt\u00e4misest\u00e4 ja toteuttamisesta. J\u00e4rjest\u00e4\u00e4 mm. frisbeegolfohjaaja kursseja.<\/td>\n<\/tr>\n<tr>\n<td style=\"border: 0px;\"><a href=\"http:\/\/www.pdga.com\/\" target=\"_blank\" rel=\"noopener\">Professional Disc Golf Association<\/a><\/td>\n<td style=\"border: 0px;\">PDGA on lajin kansainv\u00e4linen kattoj\u00e4rjest\u00f6<\/td>\n<\/tr>\n<tr>\n<td style=\"border: 0px;\"><a href=\"https:\/\/frisbeegolfradat.fi\/\" target=\"_blank\" rel=\"noopener\">Frisbeegolfradat<\/a><\/td>\n<td style=\"border: 0px;\">FRG &#8211; etk\u00f6 tied\u00e4 miss\u00e4 l\u00e4hialueen radat ovat&#8230;ei h\u00e4t\u00e4\u00e4 t\u00e4\u00e4lt\u00e4 l\u00f6ytyy.<\/td>\n<\/tr>\n<tr>\n<td style=\"border: 0px;\"><a href=\"https:\/\/frisbeegolfliitto.fi\/frisbeegolfin-virallinen-saantokirja-ja-kilpailuopas\/\" target=\"_blank\" rel=\"noopener\">S\u00e4\u00e4nn\u00f6t<\/a><\/td>\n<td style=\"border: 0px;\">lajin viralliset s\u00e4\u00e4nn\u00f6t ja kilpailuopas<\/td>\n<\/tr>\n<tr>\n<td style=\"border: 0px;\"><a href=\"https:\/\/discgolfmetrix.com\/\" target=\"_blank\" rel=\"noopener\">Metrix<\/a><\/td>\n<td style=\"border: 0px;\">tulosten kirjaaminen ja reaaliaikainen seuraaminen my\u00f6s usean ryhm\u00e4n kesken. K\u00e4yt\u00f6ss\u00e4 mm. WDGM viikkokisoissa.<\/td>\n<\/tr>\n<tr>\n<td style=\"border: 0px;\"><a href=\"https:\/\/frisbeegolfliitto.fi\/wp-content\/uploads\/2017\/06\/Fribagolfopas.pdf\" target=\"_blank\" rel=\"noopener\">Fribagolfopas<\/a><\/td>\n<td style=\"border: 0px;\">Lapsille\/nuorille suunnattu opus, joka johdattaa lukiansa frisbeefolgin maailmaan. Opus SFL:n tilaama opinn\u00e4ytety\u00f6. Tekij\u00e4 Jenni Eskelinen, kuvitus Harri Heikkanen.<\/td>\n<\/tr>\n<\/tbody>\n<\/table>\n","protected":false},"excerpt":{"rendered":"<p>Alla on listattu joitakin frisbeegolfiin liittyvi\u00e4 olennaisia linkkej\u00e4: Suomen frisbeegolfliitto SFL on kansallinen lajiliitto, jonka j\u00e4seni\u00e4 seurat ovat. Jokainen seuran j\u00e4sen on my\u00f6s automaattisesti SFL j\u00e4sen. Suomen frisbeegolfkouluttajat SFK vastaa SFL:n valmennuksen kehitt\u00e4misest\u00e4 ja toteuttamisesta. J\u00e4rjest\u00e4\u00e4 mm. frisbeegolfohjaaja kursseja. Professional Disc Golf Association PDGA on lajin kansainv\u00e4linen kattoj\u00e4rjest\u00f6 Frisbeegolfradat FRG &#8211; etk\u00f6 tied\u00e4 miss\u00e4 l\u00e4hialueen &#8230; <a title=\"Linkkej\u00e4\" class=\"read-more\" href=\"https:\/\/www.wirmodiscgolf.fi\/wordpress\/seuratoiminta\/linkkeja\/\" aria-label=\"Lue lis\u00e4\u00e4 aiheesta Linkkej\u00e4\">Lue lis\u00e4\u00e4<\/a><\/p>\n","protected":false},"author":2,"featured_media":0,"parent":19,"menu_order":0,"comment_status":"closed","ping_status":"closed","template":"","meta":{"footnotes":""},"class_list":["post-200","page","type-page","status-publish"],"_links":{"self":[{"href":"https:\/\/www.wirmodiscgolf.fi\/wordpress\/wp-json\/wp\/v2\/pages\/200","targetHints":{"allow":["GET"]}}],"collection":[{"href":"https:\/\/www.wirmodiscgolf.fi\/wordpress\/wp-json\/wp\/v2\/pages"}],"about":[{"href":"https:\/\/www.wirmodiscgolf.fi\/wordpress\/wp-json\/wp\/v2\/types\/page"}],"author":[{"embeddable":true,"href":"https:\/\/www.wirmodiscgolf.fi\/wordpress\/wp-json\/wp\/v2\/users\/2"}],"replies":[{"embeddable":true,"href":"https:\/\/www.wirmodiscgolf.fi\/wordpress\/wp-json\/wp\/v2\/comments?post=200"}],"version-history":[{"count":14,"href":"https:\/\/www.wirmodiscgolf.fi\/wordpress\/wp-json\/wp\/v2\/pages\/200\/revisions"}],"predecessor-version":[{"id":2255,"href":"https:\/\/www.wirmodiscgolf.fi\/wordpress\/wp-json\/wp\/v2\/pages\/200\/revisions\/2255"}],"up":[{"embeddable":true,"href":"https:\/\/www.wirmodiscgolf.fi\/wordpress\/wp-json\/wp\/v2\/pages\/19"}],"wp:attachment":[{"href":"https:\/\/www.wirmodiscgolf.fi\/wordpress\/wp-json\/wp\/v2\/media?parent=200"}],"curies":[{"name":"wp","href":"https:\/\/api.w.org\/{rel}","templated":true}]}}