{"id":19,"date":"2016-12-28T14:24:02","date_gmt":"2016-12-28T14:24:02","guid":{"rendered":"http:\/\/www.wirmodiscgolf.fi\/wordpress\/?page_id=19"},"modified":"2023-03-14T22:23:43","modified_gmt":"2023-03-14T20:23:43","slug":"seuratoiminta","status":"publish","type":"page","link":"https:\/\/www.wirmodiscgolf.fi\/wordpress\/seuratoiminta\/","title":{"rendered":"Seura"},"content":{"rendered":"\n<h2 class=\"wp-block-heading\">Liity j\u00e4seneksi<\/h2>\n\n\n\n<p>Seuraan liittyminen tapahtuu SuomiSport:n kutsulinkin avulla. Alta l\u00f6yd\u00e4t eri j\u00e4senluokat ja niiden kutsulinkit. Klikkaa &#8220;Liity&#8221; linkki\u00e4 liitty\u00e4ksesi seuraan.<\/p>\n\n\n\n<p><a rel=\"noreferrer noopener\" href=\"https:\/\/frisbeegolfliitto.fi\/liity-seuraan-ja-hanki-kilpailulisenssi\/\" target=\"_blank\">Suomen frisbeegolfliiton ohjeet seuraan liittymisest\u00e4 sek\u00e4 kilpailulisenssin hankkimiseen.<\/a><\/p>\n\n\n\n<figure class=\"wp-block-table\"><table><tbody><tr><td><strong>J\u00e4senluokka<\/strong><\/td><td><strong>Kenelle<\/strong><\/td><td><strong>J\u00e4senmaksu<\/strong><\/td><td><strong>Liittymislinkki<\/strong><\/td><\/tr><tr><td>Juniorit<\/td><td>alle 18v tai kuluvana <br>vuonna 18v t\u00e4ytt\u00e4v\u00e4<\/td><td>10 \u20ac \/ vuosi<\/td><td><a rel=\"noreferrer noopener\" href=\"https:\/\/seurat.suomisport.fi\/invite\/409ab4fc-714d-49bb-9db7-bd61055c94e7\" target=\"_blank\">Liity<\/a><\/td><\/tr><tr><td>Aikuiset<\/td><td>Muut<\/td><td>20 \u20ac \/ vuosi<\/td><td><a href=\"https:\/\/seurat.suomisport.fi\/invite\/788522bc-6a2e-442c-acb9-1cdde7cf3521\" target=\"_blank\" rel=\"noreferrer noopener\">Liity<\/a><\/td><\/tr><tr><td>Seniorit<\/td><td>yli 60v tai kuluvana <br>vuonna 60v t\u00e4ytt\u00e4v\u00e4<\/td><td>10 \u20ac \/ vuosi<\/td><td><a href=\"https:\/\/seurat.suomisport.fi\/invite\/d62008a9-bc5e-4fa9-b2d1-3485483e7f6e\" target=\"_blank\" rel=\"noreferrer noopener\">Liity<\/a><\/td><\/tr><\/tbody><\/table><\/figure>\n","protected":false},"excerpt":{"rendered":"<p>Liity j\u00e4seneksi Seuraan liittyminen tapahtuu SuomiSport:n kutsulinkin avulla. Alta l\u00f6yd\u00e4t eri j\u00e4senluokat ja niiden kutsulinkit. Klikkaa &#8220;Liity&#8221; linkki\u00e4 liitty\u00e4ksesi seuraan. Suomen frisbeegolfliiton ohjeet seuraan liittymisest\u00e4 sek\u00e4 kilpailulisenssin hankkimiseen. J\u00e4senluokka Kenelle J\u00e4senmaksu Liittymislinkki Juniorit alle 18v tai kuluvana vuonna 18v t\u00e4ytt\u00e4v\u00e4 10 \u20ac \/ vuosi Liity Aikuiset Muut 20 \u20ac \/ vuosi Liity Seniorit yli 60v &#8230; <a title=\"Seura\" class=\"read-more\" href=\"https:\/\/www.wirmodiscgolf.fi\/wordpress\/seuratoiminta\/\" aria-label=\"Lue lis\u00e4\u00e4 aiheesta Seura\">Lue lis\u00e4\u00e4<\/a><\/p>\n","protected":false},"author":1,"featured_media":0,"parent":0,"menu_order":0,"comment_status":"closed","ping_status":"closed","template":"","meta":{"footnotes":""},"class_list":["post-19","page","type-page","status-publish"],"_links":{"self":[{"href":"https:\/\/www.wirmodiscgolf.fi\/wordpress\/wp-json\/wp\/v2\/pages\/19","targetHints":{"allow":["GET"]}}],"collection":[{"href":"https:\/\/www.wirmodiscgolf.fi\/wordpress\/wp-json\/wp\/v2\/pages"}],"about":[{"href":"https:\/\/www.wirmodiscgolf.fi\/wordpress\/wp-json\/wp\/v2\/types\/page"}],"author":[{"embeddable":true,"href":"https:\/\/www.wirmodiscgolf.fi\/wordpress\/wp-json\/wp\/v2\/users\/1"}],"replies":[{"embeddable":true,"href":"https:\/\/www.wirmodiscgolf.fi\/wordpress\/wp-json\/wp\/v2\/comments?post=19"}],"version-history":[{"count":4,"href":"https:\/\/www.wirmodiscgolf.fi\/wordpress\/wp-json\/wp\/v2\/pages\/19\/revisions"}],"predecessor-version":[{"id":2277,"href":"https:\/\/www.wirmodiscgolf.fi\/wordpress\/wp-json\/wp\/v2\/pages\/19\/revisions\/2277"}],"wp:attachment":[{"href":"https:\/\/www.wirmodiscgolf.fi\/wordpress\/wp-json\/wp\/v2\/media?parent=19"}],"curies":[{"name":"wp","href":"https:\/\/api.w.org\/{rel}","templated":true}]}}