{"id":1635,"date":"2019-05-31T22:19:25","date_gmt":"2019-05-31T19:19:25","guid":{"rendered":"https:\/\/www.wirmodiscgolf.fi\/wordpress\/?page_id=1635"},"modified":"2021-04-13T06:26:42","modified_gmt":"2021-04-13T03:26:42","slug":"fribakoulu","status":"publish","type":"page","link":"https:\/\/www.wirmodiscgolf.fi\/wordpress\/fribakoulu\/","title":{"rendered":"FribaKoulu"},"content":{"rendered":"\n<div class=\"wp-block-image\"><figure class=\"aligncenter\"><img loading=\"lazy\" decoding=\"async\" width=\"1024\" height=\"133\" src=\"https:\/\/www.wirmodiscgolf.fi\/wordpress\/wp-content\/uploads\/2019\/06\/fribakoulu_logo-1024x133.png\" alt=\"\" class=\"wp-image-1674\" srcset=\"https:\/\/www.wirmodiscgolf.fi\/wordpress\/wp-content\/uploads\/2019\/06\/fribakoulu_logo-1024x133.png 1024w, https:\/\/www.wirmodiscgolf.fi\/wordpress\/wp-content\/uploads\/2019\/06\/fribakoulu_logo-300x39.png 300w, https:\/\/www.wirmodiscgolf.fi\/wordpress\/wp-content\/uploads\/2019\/06\/fribakoulu_logo-768x100.png 768w, https:\/\/www.wirmodiscgolf.fi\/wordpress\/wp-content\/uploads\/2019\/06\/fribakoulu_logo.png 1357w\" sizes=\"auto, (max-width: 1024px) 100vw, 1024px\" \/><figcaption><strong>2021<\/strong><\/figcaption><\/figure><\/div>\n\n\n\n<h3 class=\"wp-block-heading\">Mit\u00e4, miss\u00e4, milloin<\/h3>\n\n\n\n<p>WDGM j\u00e4rjest\u00e4\u00e4 FribaKoulun <strong>Myn\u00e4m\u00e4en urheilukeskuksessa<\/strong> kes\u00e4-hein\u00e4kuussa <strong>keskiviikkoisin klo 17-18<\/strong>. <\/p>\n\n\n\n<p>Hein\u00e4kuussa voi mahdollisesti olla v\u00e4liviikko riippuen ohjaajien aikatauluista. Muutoksista ja ohjelmasta ilmoitetaan mm. FribaKoulun WhatsApp ryhm\u00e4ss\u00e4.<\/p>\n\n\n\n<p>FribaKoulussa k\u00e4yd\u00e4\u00e4n l\u00e4pi frisbeegolfin s\u00e4\u00e4nt\u00f6j\u00e4 ja etiketti\u00e4. Tutkiskellaan\/testaillaan erilaisia kiekkoja ja opetellaan heittotekniikkaa. L\u00e4hinn\u00e4 keskityt\u00e4\u00e4n kentt\u00e4harjoitteluun, mutta mahdollisesti heitet\u00e4\u00e4n my\u00f6s muutama v\u00e4yl\u00e4 aina kerrasta riippuen. Hein\u00e4kuun lopulla pidet\u00e4\u00e4n fribakoululaisten kesken pienehk\u00f6 kisa, jossa he p\u00e4\u00e4sev\u00e4t testailemaan omia taitojaan radalla.<\/p>\n\n\n\n<h3 class=\"wp-block-heading\">Kenelle \/ maksut<\/h3>\n\n\n\n<p>FribaKoulu on tarkoitettu ala-asteik\u00e4isille tyt\u00f6ille ja pojille. Mukaan mahtuu 10 ensimm\u00e4ist\u00e4 ilmoittautumisj\u00e4rjestyksess\u00e4, mutta j\u00e4seneksi liittyneill\u00e4 on etusija.  <\/p>\n\n\n\n<p>FribaKoulu on kaikille ilmainen, mutta toki toivomme osallistujien liittyv\u00e4n my\u00f6s seuran j\u00e4seneksi. Juniorien j\u00e4senmaksu 10 \u20ac\/vuosi. J\u00e4seneksi voi liitty <a rel=\"noreferrer noopener\" aria-label=\"SuomiSport (avautuu uudessa v\u00e4lilehdess\u00e4)\" href=\"https:\/\/info.suomisport.fi\/\" target=\"_blank\">SuomiSport<\/a> sivuston kautta. <a href=\"https:\/\/frisbeegolfliitto.fi\/wp-content\/uploads\/2020\/10\/ss-j%C3%A4senyysjalisenssi-2021.pdf\" target=\"_blank\" rel=\"noreferrer noopener\">Suomen frisbeegolfliiton ohjeet j\u00e4seneksi liittymiseksi<\/a>.<\/p>\n\n\n\n<h3 class=\"wp-block-heading\">Varustus<\/h3>\n\n\n\n<ul class=\"wp-block-list\"><li>s\u00e4\u00e4nmukaiset ulkoiluun sopivat joustavat vaatteet<\/li><li>lippis ainakin aurinkoisella kelill\u00e4<\/li><li>lenkkarit tai muut vastaavat<\/li><li>juomapullo<\/li><li> jos l\u00f6ytyy omia kiekkoja niin niit\u00e4 voi toki ottaa mukaan, mutta se ei ole v\u00e4ltt\u00e4m\u00e4t\u00f6nt\u00e4.  <\/li><\/ul>\n\n\n\n<h3 class=\"wp-block-heading\">Vakuutus<\/h3>\n\n\n\n<p>Seura <strong>EI OLE<\/strong> vakuuttanut FribaKouluun osallistujia. <\/p>\n\n\n\n<h3 class=\"wp-block-heading\">Kysytt\u00e4v\u00e4\u00e4?<\/h3>\n\n\n\n<p>Ota yhteytt\u00e4 <a href=\"mailto:info@wirmodiscgolf.fi\">info@wirmodiscgolf.fi<\/a> tai 050 363 9848<\/p>\n\n\n\n<h3 class=\"wp-block-heading\">Ilmoittautumislomake<\/h3>\n\n\n\n<div class=\"wpcf7 no-js\" id=\"wpcf7-f1633-o1\" lang=\"fi\" dir=\"ltr\" data-wpcf7-id=\"1633\">\n<div class=\"screen-reader-response\"><p role=\"status\" aria-live=\"polite\" aria-atomic=\"true\"><\/p> <ul><\/ul><\/div>\n<form action=\"\/wordpress\/wp-json\/wp\/v2\/pages\/1635#wpcf7-f1633-o1\" method=\"post\" class=\"wpcf7-form init\" aria-label=\"Yhteydenottolomake\" novalidate=\"novalidate\" data-status=\"init\">\n<fieldset class=\"hidden-fields-container\"><input type=\"hidden\" name=\"_wpcf7\" value=\"1633\" \/><input type=\"hidden\" name=\"_wpcf7_version\" value=\"6.1.5\" \/><input type=\"hidden\" name=\"_wpcf7_locale\" value=\"fi\" \/><input type=\"hidden\" name=\"_wpcf7_unit_tag\" value=\"wpcf7-f1633-o1\" \/><input type=\"hidden\" name=\"_wpcf7_container_post\" value=\"0\" \/><input type=\"hidden\" name=\"_wpcf7_posted_data_hash\" value=\"\" \/><input type=\"hidden\" name=\"_wpcf7dtx_version\" value=\"5.0.5\" \/>\n<\/fieldset>\n<p><label> Lapsen nimi (*)<br \/>\n<span class=\"wpcf7-form-control-wrap\" data-name=\"child-name\"><input size=\"40\" maxlength=\"400\" class=\"wpcf7-form-control wpcf7-text wpcf7-validates-as-required\" aria-required=\"true\" aria-invalid=\"false\" value=\"\" type=\"text\" name=\"child-name\" \/><\/span><\/label>\n<\/p>\n<p><label> Lapsen ik\u00e4 (*)<br \/>\n<span class=\"wpcf7-form-control-wrap\" data-name=\"child-age\"><input class=\"wpcf7-form-control wpcf7-number wpcf7-validates-as-number\" aria-invalid=\"false\" value=\"10\" type=\"number\" name=\"child-age\" \/><\/span><\/label>\n<\/p>\n<p><label> FribaKoulun aikana lapsesta otettuja kuvia saa julkaista seuran FB sek\u00e4 nettisivuilla<br \/>\n<span class=\"wpcf7-form-control-wrap\" data-name=\"kuvauslupa\"><select class=\"wpcf7-form-control wpcf7-select wpcf7-validates-as-required\" aria-required=\"true\" aria-invalid=\"false\" name=\"kuvauslupa\"><option value=\"\">&#8212;Valitse vaihtoehto&#8212;<\/option><option value=\"Kyll\u00e4\">Kyll\u00e4<\/option><option value=\"Ei\">Ei<\/option><\/select><\/span><\/label>\n<\/p>\n<p><label> Huoltajan nimi (*)<br \/>\n<span class=\"wpcf7-form-control-wrap\" data-name=\"your-name\"><input size=\"40\" maxlength=\"400\" class=\"wpcf7-form-control wpcf7-text wpcf7-validates-as-required\" aria-required=\"true\" aria-invalid=\"false\" value=\"\" type=\"text\" name=\"your-name\" \/><\/span><\/label>\n<\/p>\n<p><label> Puhelin (*)<br \/>\n<span class=\"wpcf7-form-control-wrap\" data-name=\"tel-48\"><input size=\"40\" maxlength=\"400\" class=\"wpcf7-form-control wpcf7-tel wpcf7-text wpcf7-validates-as-tel\" aria-invalid=\"false\" value=\"\" type=\"tel\" name=\"tel-48\" \/><\/span><\/label>\n<\/p>\n<p><label> Huoltajan saa lis\u00e4t\u00e4 FribaKoulun WhatsApp ryhm\u00e4\u00e4n (*)<br \/>\n<span class=\"wpcf7-form-control-wrap\" data-name=\"whatsapp-lupa\"><select class=\"wpcf7-form-control wpcf7-select wpcf7-validates-as-required\" aria-required=\"true\" aria-invalid=\"false\" name=\"whatsapp-lupa\"><option value=\"\">&#8212;Valitse vaihtoehto&#8212;<\/option><option value=\"Kyll\u00e4\">Kyll\u00e4<\/option><option value=\"Ei\">Ei<\/option><\/select><\/span><\/label>\n<\/p>\n<p><label> S\u00e4hk\u00f6posti (*)<br \/>\n<span class=\"wpcf7-form-control-wrap\" data-name=\"your-email\"><input size=\"40\" maxlength=\"400\" class=\"wpcf7-form-control wpcf7-email wpcf7-validates-as-required wpcf7-text wpcf7-validates-as-email\" aria-required=\"true\" aria-invalid=\"false\" value=\"\" type=\"email\" name=\"your-email\" \/><\/span> <\/label>\n<\/p>\n<p><label> Vapaa teksti \/ huomioitavaa tms.<br \/>\n<span class=\"wpcf7-form-control-wrap\" data-name=\"your-message\"><textarea cols=\"40\" rows=\"10\" maxlength=\"2000\" class=\"wpcf7-form-control wpcf7-textarea\" aria-invalid=\"false\" name=\"your-message\"><\/textarea><\/span> <\/label>\n<\/p>\n<p><input class=\"wpcf7-form-control wpcf7-submit has-spinner\" type=\"submit\" value=\"Ilmoittaudu\" \/>\n<\/p><div class=\"wpcf7-response-output\" aria-hidden=\"true\"><\/div>\n<\/form>\n<\/div>\n\n\n\n\n<p><\/p>\n","protected":false},"excerpt":{"rendered":"<p>Mit\u00e4, miss\u00e4, milloin WDGM j\u00e4rjest\u00e4\u00e4 FribaKoulun Myn\u00e4m\u00e4en urheilukeskuksessa kes\u00e4-hein\u00e4kuussa keskiviikkoisin klo 17-18. Hein\u00e4kuussa voi mahdollisesti olla v\u00e4liviikko riippuen ohjaajien aikatauluista. Muutoksista ja ohjelmasta ilmoitetaan mm. FribaKoulun WhatsApp ryhm\u00e4ss\u00e4. FribaKoulussa k\u00e4yd\u00e4\u00e4n l\u00e4pi frisbeegolfin s\u00e4\u00e4nt\u00f6j\u00e4 ja etiketti\u00e4. Tutkiskellaan\/testaillaan erilaisia kiekkoja ja opetellaan heittotekniikkaa. L\u00e4hinn\u00e4 keskityt\u00e4\u00e4n kentt\u00e4harjoitteluun, mutta mahdollisesti heitet\u00e4\u00e4n my\u00f6s muutama v\u00e4yl\u00e4 aina kerrasta riippuen. Hein\u00e4kuun lopulla &#8230; <a title=\"FribaKoulu\" class=\"read-more\" href=\"https:\/\/www.wirmodiscgolf.fi\/wordpress\/fribakoulu\/\" aria-label=\"Lue lis\u00e4\u00e4 aiheesta FribaKoulu\">Lue lis\u00e4\u00e4<\/a><\/p>\n","protected":false},"author":2,"featured_media":0,"parent":0,"menu_order":0,"comment_status":"closed","ping_status":"closed","template":"","meta":{"footnotes":""},"class_list":["post-1635","page","type-page","status-publish"],"_links":{"self":[{"href":"https:\/\/www.wirmodiscgolf.fi\/wordpress\/wp-json\/wp\/v2\/pages\/1635","targetHints":{"allow":["GET"]}}],"collection":[{"href":"https:\/\/www.wirmodiscgolf.fi\/wordpress\/wp-json\/wp\/v2\/pages"}],"about":[{"href":"https:\/\/www.wirmodiscgolf.fi\/wordpress\/wp-json\/wp\/v2\/types\/page"}],"author":[{"embeddable":true,"href":"https:\/\/www.wirmodiscgolf.fi\/wordpress\/wp-json\/wp\/v2\/users\/2"}],"replies":[{"embeddable":true,"href":"https:\/\/www.wirmodiscgolf.fi\/wordpress\/wp-json\/wp\/v2\/comments?post=1635"}],"version-history":[{"count":20,"href":"https:\/\/www.wirmodiscgolf.fi\/wordpress\/wp-json\/wp\/v2\/pages\/1635\/revisions"}],"predecessor-version":[{"id":2039,"href":"https:\/\/www.wirmodiscgolf.fi\/wordpress\/wp-json\/wp\/v2\/pages\/1635\/revisions\/2039"}],"wp:attachment":[{"href":"https:\/\/www.wirmodiscgolf.fi\/wordpress\/wp-json\/wp\/v2\/media?parent=1635"}],"curies":[{"name":"wp","href":"https:\/\/api.w.org\/{rel}","templated":true}]}}