{"id":16,"date":"2016-12-28T14:22:55","date_gmt":"2016-12-28T14:22:55","guid":{"rendered":"http:\/\/www.wirmodiscgolf.fi\/wordpress\/?page_id=16"},"modified":"2018-05-09T21:10:55","modified_gmt":"2018-05-09T18:10:55","slug":"yhteistyokumpanit","status":"publish","type":"page","link":"https:\/\/www.wirmodiscgolf.fi\/wordpress\/yhteistyokumpanit\/","title":{"rendered":"Sponsorit"},"content":{"rendered":"<p>Kauden 2018 v\u00e4yl\u00e4sponsorimme. <strong>Kiitos<\/strong> tuestanne<\/p>\n<table style=\"width: auto;\">\n<tbody>\n<tr style=\"background-color: #000000;\">\n<td style=\"text-align: center;\" width=\"8%\"><span style=\"color: #ffffff; font-size: 20pt;\"><strong>V\u00e4yl\u00e4<\/strong><\/span><\/td>\n<td style=\"text-align: center;\" width=\"20%\"><span style=\"color: #ffffff; font-size: 20pt;\"><strong>Sponsori<\/strong><\/span><\/td>\n<td style=\"text-align: center;\"><span style=\"color: #ffffff; font-size: 20pt;\"><strong>Kori<\/strong><\/span><\/td>\n<\/tr>\n<tr>\n<td style=\"text-align: center;\"><span style=\"font-size: 24pt; font-family: impact,sans-serif;\">1<\/span><\/td>\n<td style=\"text-align: center;\"><a href=\"http:\/\/www.kasitienkatsastus.fi\/\" target=\"_blank\" rel=\"noopener noreferrer\"><img loading=\"lazy\" decoding=\"async\" class=\"alignnone wp-image-466 size-medium\" src=\"http:\/\/www.wirmodiscgolf.fi\/wordpress\/wp-content\/uploads\/2017\/03\/Kasitien_katsastus-300x100.png\" alt=\"\" width=\"300\" height=\"100\" srcset=\"https:\/\/www.wirmodiscgolf.fi\/wordpress\/wp-content\/uploads\/2017\/03\/Kasitien_katsastus-300x100.png 300w, https:\/\/www.wirmodiscgolf.fi\/wordpress\/wp-content\/uploads\/2017\/03\/Kasitien_katsastus-768x257.png 768w, https:\/\/www.wirmodiscgolf.fi\/wordpress\/wp-content\/uploads\/2017\/03\/Kasitien_katsastus-1024x343.png 1024w, https:\/\/www.wirmodiscgolf.fi\/wordpress\/wp-content\/uploads\/2017\/03\/Kasitien_katsastus.png 1403w\" sizes=\"auto, (max-width: 300px) 100vw, 300px\" \/><\/a><\/td>\n<td><a href=\"http:\/\/www.wirmodiscgolf.fi\/wordpress\/wp-content\/uploads\/2016\/12\/P8280132.jpg\"><img loading=\"lazy\" decoding=\"async\" class=\"alignnone size-medium wp-image-79 aligncenter\" src=\"http:\/\/www.wirmodiscgolf.fi\/wordpress\/wp-content\/uploads\/2016\/12\/P8280132-300x169.jpg\" alt=\"\" width=\"300\" height=\"169\" srcset=\"https:\/\/www.wirmodiscgolf.fi\/wordpress\/wp-content\/uploads\/2016\/12\/P8280132-300x169.jpg 300w, https:\/\/www.wirmodiscgolf.fi\/wordpress\/wp-content\/uploads\/2016\/12\/P8280132-768x433.jpg 768w, https:\/\/www.wirmodiscgolf.fi\/wordpress\/wp-content\/uploads\/2016\/12\/P8280132-1024x577.jpg 1024w\" sizes=\"auto, (max-width: 300px) 100vw, 300px\" \/><\/a><\/td>\n<\/tr>\n<tr>\n<td style=\"text-align: center;\">\u00a0<span style=\"font-family: impact,sans-serif; font-size: 24pt;\">2<\/span><\/td>\n<td style=\"text-align: center;\"><a href=\"https:\/\/www.facebook.com\/OPMynamakiNousiainen\" target=\"_blank\" rel=\"noopener noreferrer\"><img loading=\"lazy\" decoding=\"async\" class=\"aligncenter wp-image-317 size-medium\" src=\"http:\/\/www.wirmodiscgolf.fi\/wordpress\/wp-content\/uploads\/2017\/01\/OP_Mynamaki_Nousiainen_RGB_pysty-300x91.png\" alt=\"OP Myn\u00e4m\u00e4ki-Nousiainen\" width=\"300\" height=\"91\" srcset=\"https:\/\/www.wirmodiscgolf.fi\/wordpress\/wp-content\/uploads\/2017\/01\/OP_Mynamaki_Nousiainen_RGB_pysty-300x91.png 300w, https:\/\/www.wirmodiscgolf.fi\/wordpress\/wp-content\/uploads\/2017\/01\/OP_Mynamaki_Nousiainen_RGB_pysty-768x233.png 768w, https:\/\/www.wirmodiscgolf.fi\/wordpress\/wp-content\/uploads\/2017\/01\/OP_Mynamaki_Nousiainen_RGB_pysty-1024x311.png 1024w, https:\/\/www.wirmodiscgolf.fi\/wordpress\/wp-content\/uploads\/2017\/01\/OP_Mynamaki_Nousiainen_RGB_pysty.png 2038w\" sizes=\"auto, (max-width: 300px) 100vw, 300px\" \/><\/a><\/td>\n<td><a href=\"http:\/\/www.wirmodiscgolf.fi\/wordpress\/wp-content\/uploads\/2016\/12\/P8280137.jpg\"><img loading=\"lazy\" decoding=\"async\" class=\"size-medium wp-image-82 aligncenter\" src=\"http:\/\/www.wirmodiscgolf.fi\/wordpress\/wp-content\/uploads\/2016\/12\/P8280137-300x169.jpg\" alt=\"\" width=\"300\" height=\"169\" srcset=\"https:\/\/www.wirmodiscgolf.fi\/wordpress\/wp-content\/uploads\/2016\/12\/P8280137-300x169.jpg 300w, https:\/\/www.wirmodiscgolf.fi\/wordpress\/wp-content\/uploads\/2016\/12\/P8280137-768x433.jpg 768w, https:\/\/www.wirmodiscgolf.fi\/wordpress\/wp-content\/uploads\/2016\/12\/P8280137-1024x577.jpg 1024w\" sizes=\"auto, (max-width: 300px) 100vw, 300px\" \/><\/a><\/td>\n<\/tr>\n<tr>\n<td style=\"text-align: center;\"><span style=\"font-family: impact,sans-serif; font-size: 24pt;\">\u00a03<\/span><\/td>\n<td style=\"text-align: center;\"><a href=\"http:\/\/www.nestemynamaki.fi\/\" target=\"_blank\" rel=\"noopener noreferrer\"><img loading=\"lazy\" decoding=\"async\" class=\"alignnone wp-image-488\" src=\"http:\/\/www.wirmodiscgolf.fi\/wordpress\/wp-content\/uploads\/2017\/03\/logo_neste_myn\u00e4m\u00e4ki-300x300.jpg\" alt=\"\" width=\"153\" height=\"153\" srcset=\"https:\/\/www.wirmodiscgolf.fi\/wordpress\/wp-content\/uploads\/2017\/03\/logo_neste_myn\u00e4m\u00e4ki-300x300.jpg 300w, https:\/\/www.wirmodiscgolf.fi\/wordpress\/wp-content\/uploads\/2017\/03\/logo_neste_myn\u00e4m\u00e4ki-150x150.jpg 150w, https:\/\/www.wirmodiscgolf.fi\/wordpress\/wp-content\/uploads\/2017\/03\/logo_neste_myn\u00e4m\u00e4ki-768x768.jpg 768w, https:\/\/www.wirmodiscgolf.fi\/wordpress\/wp-content\/uploads\/2017\/03\/logo_neste_myn\u00e4m\u00e4ki-1024x1024.jpg 1024w, https:\/\/www.wirmodiscgolf.fi\/wordpress\/wp-content\/uploads\/2017\/03\/logo_neste_myn\u00e4m\u00e4ki.jpg 1280w\" sizes=\"auto, (max-width: 153px) 100vw, 153px\" \/><\/a><\/td>\n<td style=\"text-align: center;\">\u00a0<a href=\"http:\/\/www.wirmodiscgolf.fi\/wordpress\/wp-content\/uploads\/2016\/12\/P8280096.jpg\"><img loading=\"lazy\" decoding=\"async\" class=\"alignnone size-medium wp-image-90\" src=\"http:\/\/www.wirmodiscgolf.fi\/wordpress\/wp-content\/uploads\/2016\/12\/P8280096-300x169.jpg\" alt=\"\" width=\"300\" height=\"169\" srcset=\"https:\/\/www.wirmodiscgolf.fi\/wordpress\/wp-content\/uploads\/2016\/12\/P8280096-300x169.jpg 300w, https:\/\/www.wirmodiscgolf.fi\/wordpress\/wp-content\/uploads\/2016\/12\/P8280096-768x433.jpg 768w, https:\/\/www.wirmodiscgolf.fi\/wordpress\/wp-content\/uploads\/2016\/12\/P8280096-1024x577.jpg 1024w\" sizes=\"auto, (max-width: 300px) 100vw, 300px\" \/><\/a><\/td>\n<\/tr>\n<tr>\n<td style=\"text-align: center;\"><span style=\"font-family: impact,sans-serif; font-size: 24pt;\">5<\/span><\/td>\n<td style=\"text-align: center;\"><a href=\"https:\/\/plus.fi\/\" target=\"_blank\" rel=\"noopener noreferrer\"><img loading=\"lazy\" decoding=\"async\" class=\"alignnone wp-image-588 size-full\" src=\"http:\/\/www.wirmodiscgolf.fi\/wordpress\/wp-content\/uploads\/2017\/04\/plus.png\" alt=\"\" width=\"232\" height=\"70\" \/><\/a><\/td>\n<td style=\"text-align: center;\"><a href=\"http:\/\/www.wirmodiscgolf.fi\/wordpress\/wp-content\/uploads\/2017\/07\/k5.jpg\"><img loading=\"lazy\" decoding=\"async\" class=\"size-medium wp-image-840\" src=\"http:\/\/www.wirmodiscgolf.fi\/wordpress\/wp-content\/uploads\/2017\/07\/k5-300x169.jpg\" alt=\"\" width=\"300\" height=\"169\" srcset=\"https:\/\/www.wirmodiscgolf.fi\/wordpress\/wp-content\/uploads\/2017\/07\/k5-300x169.jpg 300w, https:\/\/www.wirmodiscgolf.fi\/wordpress\/wp-content\/uploads\/2017\/07\/k5-768x433.jpg 768w, https:\/\/www.wirmodiscgolf.fi\/wordpress\/wp-content\/uploads\/2017\/07\/k5-1024x577.jpg 1024w\" sizes=\"auto, (max-width: 300px) 100vw, 300px\" \/><\/a><\/td>\n<\/tr>\n<tr>\n<td style=\"text-align: center;\"><span style=\"font-family: impact,sans-serif; font-size: 24pt;\">\u00a06<\/span><\/td>\n<td style=\"text-align: center;\"><a href=\"http:\/\/www.isokouvola.fi\/\" target=\"_blank\" rel=\"noopener noreferrer\"><img loading=\"lazy\" decoding=\"async\" class=\"aligncenter wp-image-307 size-medium\" src=\"http:\/\/www.wirmodiscgolf.fi\/wordpress\/wp-content\/uploads\/2017\/01\/IsoKouvola-300x129.png\" width=\"300\" height=\"129\" srcset=\"https:\/\/www.wirmodiscgolf.fi\/wordpress\/wp-content\/uploads\/2017\/01\/IsoKouvola-300x129.png 300w, https:\/\/www.wirmodiscgolf.fi\/wordpress\/wp-content\/uploads\/2017\/01\/IsoKouvola-768x330.png 768w, https:\/\/www.wirmodiscgolf.fi\/wordpress\/wp-content\/uploads\/2017\/01\/IsoKouvola-1024x440.png 1024w, https:\/\/www.wirmodiscgolf.fi\/wordpress\/wp-content\/uploads\/2017\/01\/IsoKouvola.png 1168w\" sizes=\"auto, (max-width: 300px) 100vw, 300px\" \/><\/a><\/td>\n<td style=\"text-align: center;\">\u00a0<a href=\"http:\/\/www.wirmodiscgolf.fi\/wordpress\/wp-content\/uploads\/2016\/12\/P8280111.jpg\"><img loading=\"lazy\" decoding=\"async\" class=\"alignnone size-medium wp-image-97\" src=\"http:\/\/www.wirmodiscgolf.fi\/wordpress\/wp-content\/uploads\/2016\/12\/P8280111-300x169.jpg\" alt=\"\" width=\"300\" height=\"169\" srcset=\"https:\/\/www.wirmodiscgolf.fi\/wordpress\/wp-content\/uploads\/2016\/12\/P8280111-300x169.jpg 300w, https:\/\/www.wirmodiscgolf.fi\/wordpress\/wp-content\/uploads\/2016\/12\/P8280111-768x433.jpg 768w, https:\/\/www.wirmodiscgolf.fi\/wordpress\/wp-content\/uploads\/2016\/12\/P8280111-1024x577.jpg 1024w\" sizes=\"auto, (max-width: 300px) 100vw, 300px\" \/><\/a><\/td>\n<\/tr>\n<tr>\n<td style=\"text-align: center;\">\u00a0<span style=\"font-family: impact,sans-serif; font-size: 24pt;\">7<\/span><\/td>\n<td style=\"text-align: center;\"><a href=\"http:\/\/www.rauta-apaja.com\/\" target=\"_blank\" rel=\"noopener noreferrer\"><img loading=\"lazy\" decoding=\"async\" class=\"alignnone wp-image-502 size-medium\" src=\"http:\/\/www.wirmodiscgolf.fi\/wordpress\/wp-content\/uploads\/2017\/03\/Rauta-Apaja-300x57.png\" alt=\"\" width=\"300\" height=\"57\" srcset=\"https:\/\/www.wirmodiscgolf.fi\/wordpress\/wp-content\/uploads\/2017\/03\/Rauta-Apaja-300x57.png 300w, https:\/\/www.wirmodiscgolf.fi\/wordpress\/wp-content\/uploads\/2017\/03\/Rauta-Apaja.png 382w\" sizes=\"auto, (max-width: 300px) 100vw, 300px\" \/><\/a><\/td>\n<td style=\"text-align: center;\">\u00a0<a href=\"http:\/\/www.wirmodiscgolf.fi\/wordpress\/wp-content\/uploads\/2016\/12\/P8280103.jpg\"><img loading=\"lazy\" decoding=\"async\" class=\"alignnone size-medium wp-image-94\" src=\"http:\/\/www.wirmodiscgolf.fi\/wordpress\/wp-content\/uploads\/2016\/12\/P8280103-300x169.jpg\" alt=\"\" width=\"300\" height=\"169\" srcset=\"https:\/\/www.wirmodiscgolf.fi\/wordpress\/wp-content\/uploads\/2016\/12\/P8280103-300x169.jpg 300w, https:\/\/www.wirmodiscgolf.fi\/wordpress\/wp-content\/uploads\/2016\/12\/P8280103-768x433.jpg 768w, https:\/\/www.wirmodiscgolf.fi\/wordpress\/wp-content\/uploads\/2016\/12\/P8280103-1024x577.jpg 1024w\" sizes=\"auto, (max-width: 300px) 100vw, 300px\" \/><\/a><\/td>\n<\/tr>\n<tr>\n<td style=\"text-align: center;\"><span style=\"font-family: impact,sans-serif; font-size: 24pt;\">8<\/span><\/td>\n<td style=\"text-align: center;\"><img loading=\"lazy\" decoding=\"async\" class=\"alignnone wp-image-261\" src=\"http:\/\/www.wirmodiscgolf.fi\/wordpress\/wp-content\/uploads\/2017\/01\/wdgm_logo_no_background-300x300.gif\" alt=\"\" width=\"155\" height=\"155\" srcset=\"https:\/\/www.wirmodiscgolf.fi\/wordpress\/wp-content\/uploads\/2017\/01\/wdgm_logo_no_background-300x300.gif 300w, https:\/\/www.wirmodiscgolf.fi\/wordpress\/wp-content\/uploads\/2017\/01\/wdgm_logo_no_background-150x150.gif 150w\" sizes=\"auto, (max-width: 155px) 100vw, 155px\" \/><\/td>\n<td style=\"text-align: center;\"><a href=\"http:\/\/www.wirmodiscgolf.fi\/wordpress\/wp-content\/uploads\/2017\/07\/k8.jpg\"><img loading=\"lazy\" decoding=\"async\" class=\"size-medium wp-image-845\" src=\"http:\/\/www.wirmodiscgolf.fi\/wordpress\/wp-content\/uploads\/2017\/07\/k8-300x169.jpg\" alt=\"\" width=\"300\" height=\"169\" srcset=\"https:\/\/www.wirmodiscgolf.fi\/wordpress\/wp-content\/uploads\/2017\/07\/k8-300x169.jpg 300w, https:\/\/www.wirmodiscgolf.fi\/wordpress\/wp-content\/uploads\/2017\/07\/k8-768x433.jpg 768w, https:\/\/www.wirmodiscgolf.fi\/wordpress\/wp-content\/uploads\/2017\/07\/k8-1024x577.jpg 1024w\" sizes=\"auto, (max-width: 300px) 100vw, 300px\" \/><\/a><\/td>\n<\/tr>\n<tr>\n<td style=\"text-align: center;\"><span style=\"font-family: impact,sans-serif; font-size: 24pt;\">9<\/span><\/td>\n<td style=\"text-align: center;\"><a href=\"https:\/\/www.rinta-jouppi.com\" target=\"_blank\" rel=\"noopener\"><img loading=\"lazy\" decoding=\"async\" class=\"alignnone wp-image-1037 size-large\" src=\"http:\/\/www.wirmodiscgolf.fi\/wordpress\/wp-content\/uploads\/2017\/10\/rinta-jouppi-1024x156.png\" alt=\"\" width=\"1024\" height=\"156\" srcset=\"https:\/\/www.wirmodiscgolf.fi\/wordpress\/wp-content\/uploads\/2017\/10\/rinta-jouppi-1024x156.png 1024w, https:\/\/www.wirmodiscgolf.fi\/wordpress\/wp-content\/uploads\/2017\/10\/rinta-jouppi-300x46.png 300w, https:\/\/www.wirmodiscgolf.fi\/wordpress\/wp-content\/uploads\/2017\/10\/rinta-jouppi-768x117.png 768w, https:\/\/www.wirmodiscgolf.fi\/wordpress\/wp-content\/uploads\/2017\/10\/rinta-jouppi.png 1088w\" sizes=\"auto, (max-width: 1024px) 100vw, 1024px\" \/><\/a><\/td>\n<td style=\"text-align: center;\"><a href=\"http:\/\/www.wirmodiscgolf.fi\/wordpress\/wp-content\/uploads\/2018\/04\/P1010549.jpg\"><img loading=\"lazy\" decoding=\"async\" class=\" wp-image-1306\" src=\"http:\/\/www.wirmodiscgolf.fi\/wordpress\/wp-content\/uploads\/2018\/04\/P1010549-1024x577.jpg\" alt=\"\" width=\"298\" height=\"168\" srcset=\"https:\/\/www.wirmodiscgolf.fi\/wordpress\/wp-content\/uploads\/2018\/04\/P1010549-1024x577.jpg 1024w, https:\/\/www.wirmodiscgolf.fi\/wordpress\/wp-content\/uploads\/2018\/04\/P1010549-300x169.jpg 300w, https:\/\/www.wirmodiscgolf.fi\/wordpress\/wp-content\/uploads\/2018\/04\/P1010549-768x433.jpg 768w\" sizes=\"auto, (max-width: 298px) 100vw, 298px\" \/><\/a><\/td>\n<\/tr>\n<tr>\n<td style=\"text-align: center;\"><span style=\"font-family: impact,sans-serif; font-size: 24pt;\">14<\/span><\/td>\n<td style=\"text-align: center;\"><a href=\"http:\/\/www.lehtitarjouksia.com\" target=\"_blank\" rel=\"noopener noreferrer\"><img loading=\"lazy\" decoding=\"async\" class=\"alignnone wp-image-1350 size-full\" src=\"http:\/\/www.wirmodiscgolf.fi\/wordpress\/wp-content\/uploads\/2018\/05\/Lehtitarjouksia.jpg\" alt=\"\" width=\"550\" height=\"84\" srcset=\"https:\/\/www.wirmodiscgolf.fi\/wordpress\/wp-content\/uploads\/2018\/05\/Lehtitarjouksia.jpg 550w, https:\/\/www.wirmodiscgolf.fi\/wordpress\/wp-content\/uploads\/2018\/05\/Lehtitarjouksia-300x46.jpg 300w\" sizes=\"auto, (max-width: 550px) 100vw, 550px\" \/><\/a><\/td>\n<td style=\"text-align: center;\"><a href=\"http:\/\/www.wirmodiscgolf.fi\/wordpress\/wp-content\/uploads\/2018\/05\/P1010559.jpg\"><img loading=\"lazy\" decoding=\"async\" class=\" wp-image-1356\" src=\"http:\/\/www.wirmodiscgolf.fi\/wordpress\/wp-content\/uploads\/2018\/05\/P1010559-1024x577.jpg\" alt=\"\" width=\"298\" height=\"168\" srcset=\"https:\/\/www.wirmodiscgolf.fi\/wordpress\/wp-content\/uploads\/2018\/05\/P1010559-1024x577.jpg 1024w, https:\/\/www.wirmodiscgolf.fi\/wordpress\/wp-content\/uploads\/2018\/05\/P1010559-300x169.jpg 300w, https:\/\/www.wirmodiscgolf.fi\/wordpress\/wp-content\/uploads\/2018\/05\/P1010559-768x433.jpg 768w\" sizes=\"auto, (max-width: 298px) 100vw, 298px\" \/><\/a><\/td>\n<\/tr>\n<tr>\n<td style=\"text-align: center;\"><span style=\"font-family: impact,sans-serif; font-size: 24pt;\">15<\/span><\/td>\n<td style=\"text-align: center;\"><a href=\"http:\/\/www.lansi1.fi\/\" target=\"_blank\" rel=\"noopener noreferrer\"><img loading=\"lazy\" decoding=\"async\" class=\"alignnone wp-image-586\" src=\"http:\/\/www.wirmodiscgolf.fi\/wordpress\/wp-content\/uploads\/2017\/04\/lansi1-logo-300x75.png\" alt=\"\" width=\"241\" height=\"60\" srcset=\"https:\/\/www.wirmodiscgolf.fi\/wordpress\/wp-content\/uploads\/2017\/04\/lansi1-logo-300x75.png 300w, https:\/\/www.wirmodiscgolf.fi\/wordpress\/wp-content\/uploads\/2017\/04\/lansi1-logo-768x192.png 768w, https:\/\/www.wirmodiscgolf.fi\/wordpress\/wp-content\/uploads\/2017\/04\/lansi1-logo.png 787w\" sizes=\"auto, (max-width: 241px) 100vw, 241px\" \/><\/a><\/td>\n<td style=\"text-align: center;\"><a href=\"http:\/\/www.wirmodiscgolf.fi\/wordpress\/wp-content\/uploads\/2017\/07\/k15.jpg\"><img loading=\"lazy\" decoding=\"async\" class=\" wp-image-841\" src=\"http:\/\/www.wirmodiscgolf.fi\/wordpress\/wp-content\/uploads\/2017\/07\/k15-300x169.jpg\" alt=\"\" width=\"296\" height=\"167\" srcset=\"https:\/\/www.wirmodiscgolf.fi\/wordpress\/wp-content\/uploads\/2017\/07\/k15-300x169.jpg 300w, https:\/\/www.wirmodiscgolf.fi\/wordpress\/wp-content\/uploads\/2017\/07\/k15-768x433.jpg 768w, https:\/\/www.wirmodiscgolf.fi\/wordpress\/wp-content\/uploads\/2017\/07\/k15-1024x577.jpg 1024w\" sizes=\"auto, (max-width: 296px) 100vw, 296px\" \/><\/a><\/td>\n<\/tr>\n<tr>\n<td style=\"text-align: center;\"><span style=\"font-family: impact,sans-serif; font-size: 24pt;\">\u00a016<\/span><\/td>\n<td style=\"text-align: center;\"><a href=\"https:\/\/www.facebook.com\/K-supermarket-Myn%C3%A4m%C3%A4ki-360351737418170\/?fref=ts\" target=\"_blank\" rel=\"noopener noreferrer\"><img loading=\"lazy\" decoding=\"async\" class=\"alignnone wp-image-477 size-medium\" src=\"http:\/\/www.wirmodiscgolf.fi\/wordpress\/wp-content\/uploads\/2017\/03\/ksuper-300x56.png\" alt=\"\" width=\"300\" height=\"56\" srcset=\"https:\/\/www.wirmodiscgolf.fi\/wordpress\/wp-content\/uploads\/2017\/03\/ksuper-300x56.png 300w, https:\/\/www.wirmodiscgolf.fi\/wordpress\/wp-content\/uploads\/2017\/03\/ksuper-768x143.png 768w, https:\/\/www.wirmodiscgolf.fi\/wordpress\/wp-content\/uploads\/2017\/03\/ksuper-1024x191.png 1024w, https:\/\/www.wirmodiscgolf.fi\/wordpress\/wp-content\/uploads\/2017\/03\/ksuper.png 1547w\" sizes=\"auto, (max-width: 300px) 100vw, 300px\" \/><\/a><br \/>\n<a href=\"https:\/\/www.facebook.com\/K-supermarket-Myn%C3%A4m%C3%A4ki-360351737418170\/?fref=ts\" target=\"_blank\" rel=\"noopener noreferrer\">FB<\/a>\u00a0\u00a0 <a href=\"http:\/\/www.k-supermarket.fi\/kaupat\/mynamaki\/\" target=\"_blank\" rel=\"noopener noreferrer\">WWW<\/a><\/td>\n<td style=\"text-align: center;\">\u00a0<a href=\"http:\/\/www.wirmodiscgolf.fi\/wordpress\/wp-content\/uploads\/2016\/12\/P8280117.jpg\"><img loading=\"lazy\" decoding=\"async\" class=\"alignnone size-medium wp-image-100\" src=\"http:\/\/www.wirmodiscgolf.fi\/wordpress\/wp-content\/uploads\/2016\/12\/P8280117-300x169.jpg\" alt=\"\" width=\"300\" height=\"169\" srcset=\"https:\/\/www.wirmodiscgolf.fi\/wordpress\/wp-content\/uploads\/2016\/12\/P8280117-300x169.jpg 300w, https:\/\/www.wirmodiscgolf.fi\/wordpress\/wp-content\/uploads\/2016\/12\/P8280117-768x433.jpg 768w, https:\/\/www.wirmodiscgolf.fi\/wordpress\/wp-content\/uploads\/2016\/12\/P8280117-1024x577.jpg 1024w\" sizes=\"auto, (max-width: 300px) 100vw, 300px\" \/><\/a><\/td>\n<\/tr>\n<tr>\n<td style=\"text-align: center;\">\u00a0<span style=\"font-family: impact,sans-serif; font-size: 24pt;\">17<\/span><\/td>\n<td style=\"text-align: center;\">\u00a0<a href=\"http:\/\/www.leafareena.fi\/\" target=\"_blank\" rel=\"noopener noreferrer\"><img loading=\"lazy\" decoding=\"async\" class=\"alignnone wp-image-587\" src=\"http:\/\/www.wirmodiscgolf.fi\/wordpress\/wp-content\/uploads\/2017\/04\/leaf-logo-300x172.png\" alt=\"\" width=\"184\" height=\"105\" srcset=\"https:\/\/www.wirmodiscgolf.fi\/wordpress\/wp-content\/uploads\/2017\/04\/leaf-logo-300x172.png 300w, https:\/\/www.wirmodiscgolf.fi\/wordpress\/wp-content\/uploads\/2017\/04\/leaf-logo.png 663w\" sizes=\"auto, (max-width: 184px) 100vw, 184px\" \/><\/a><\/td>\n<td style=\"text-align: center;\"><a href=\"http:\/\/www.wirmodiscgolf.fi\/wordpress\/wp-content\/uploads\/2017\/07\/k17.jpg\"><img loading=\"lazy\" decoding=\"async\" class=\"size-medium wp-image-842\" src=\"http:\/\/www.wirmodiscgolf.fi\/wordpress\/wp-content\/uploads\/2017\/07\/k17-300x169.jpg\" alt=\"\" width=\"300\" height=\"169\" srcset=\"https:\/\/www.wirmodiscgolf.fi\/wordpress\/wp-content\/uploads\/2017\/07\/k17-300x169.jpg 300w, https:\/\/www.wirmodiscgolf.fi\/wordpress\/wp-content\/uploads\/2017\/07\/k17-768x433.jpg 768w, https:\/\/www.wirmodiscgolf.fi\/wordpress\/wp-content\/uploads\/2017\/07\/k17-1024x577.jpg 1024w\" sizes=\"auto, (max-width: 300px) 100vw, 300px\" \/><\/a><\/td>\n<\/tr>\n<tr>\n<td style=\"text-align: center;\"><span style=\"font-family: impact,sans-serif; font-size: 24pt;\">18<\/span><\/td>\n<td style=\"text-align: center;\"><a href=\"https:\/\/www.facebook.com\/RavintolaOscar\" target=\"_blank\" rel=\"noopener noreferrer\"><img loading=\"lazy\" decoding=\"async\" class=\"alignnone wp-image-613 \" src=\"http:\/\/www.wirmodiscgolf.fi\/wordpress\/wp-content\/uploads\/2017\/04\/ravintola_oscar-300x57.jpg\" alt=\"\" width=\"267\" height=\"51\" srcset=\"https:\/\/www.wirmodiscgolf.fi\/wordpress\/wp-content\/uploads\/2017\/04\/ravintola_oscar-300x57.jpg 300w, https:\/\/www.wirmodiscgolf.fi\/wordpress\/wp-content\/uploads\/2017\/04\/ravintola_oscar-768x146.jpg 768w, https:\/\/www.wirmodiscgolf.fi\/wordpress\/wp-content\/uploads\/2017\/04\/ravintola_oscar.jpg 960w\" sizes=\"auto, (max-width: 267px) 100vw, 267px\" \/><\/a><\/td>\n<td style=\"text-align: center;\"><a href=\"http:\/\/www.wirmodiscgolf.fi\/wordpress\/wp-content\/uploads\/2017\/07\/k18.jpg\"><img loading=\"lazy\" decoding=\"async\" class=\"size-medium wp-image-843\" src=\"http:\/\/www.wirmodiscgolf.fi\/wordpress\/wp-content\/uploads\/2017\/07\/k18-300x169.jpg\" alt=\"\" width=\"300\" height=\"169\" srcset=\"https:\/\/www.wirmodiscgolf.fi\/wordpress\/wp-content\/uploads\/2017\/07\/k18-300x169.jpg 300w, https:\/\/www.wirmodiscgolf.fi\/wordpress\/wp-content\/uploads\/2017\/07\/k18-768x433.jpg 768w, https:\/\/www.wirmodiscgolf.fi\/wordpress\/wp-content\/uploads\/2017\/07\/k18-1024x577.jpg 1024w\" sizes=\"auto, (max-width: 300px) 100vw, 300px\" \/><\/a><\/td>\n<\/tr>\n<tr>\n<td style=\"text-align: center;\">\u00a0<span style=\"font-family: impact,sans-serif; font-size: 24pt;\">H1<\/span><\/td>\n<td style=\"text-align: center;\"><a href=\"https:\/\/www.facebook.com\/urheilumarttila\/\" target=\"_blank\" rel=\"noopener noreferrer\"><img loading=\"lazy\" decoding=\"async\" class=\"alignnone wp-image-490 size-medium\" src=\"http:\/\/www.wirmodiscgolf.fi\/wordpress\/wp-content\/uploads\/2017\/03\/Marttila-300x60.png\" alt=\"\" width=\"300\" height=\"60\" srcset=\"https:\/\/www.wirmodiscgolf.fi\/wordpress\/wp-content\/uploads\/2017\/03\/Marttila-300x60.png 300w, https:\/\/www.wirmodiscgolf.fi\/wordpress\/wp-content\/uploads\/2017\/03\/Marttila-768x152.png 768w, https:\/\/www.wirmodiscgolf.fi\/wordpress\/wp-content\/uploads\/2017\/03\/Marttila-1024x203.png 1024w, https:\/\/www.wirmodiscgolf.fi\/wordpress\/wp-content\/uploads\/2017\/03\/Marttila.png 1109w\" sizes=\"auto, (max-width: 300px) 100vw, 300px\" \/><\/a><\/td>\n<td style=\"text-align: center;\">\u00a0<a href=\"http:\/\/www.wirmodiscgolf.fi\/wordpress\/wp-content\/uploads\/2016\/12\/P8280093.jpg\"><img loading=\"lazy\" decoding=\"async\" class=\"alignnone size-medium wp-image-88\" src=\"http:\/\/www.wirmodiscgolf.fi\/wordpress\/wp-content\/uploads\/2016\/12\/P8280093-300x169.jpg\" alt=\"\" width=\"300\" height=\"169\" srcset=\"https:\/\/www.wirmodiscgolf.fi\/wordpress\/wp-content\/uploads\/2016\/12\/P8280093-300x169.jpg 300w, https:\/\/www.wirmodiscgolf.fi\/wordpress\/wp-content\/uploads\/2016\/12\/P8280093-768x433.jpg 768w, https:\/\/www.wirmodiscgolf.fi\/wordpress\/wp-content\/uploads\/2016\/12\/P8280093-1024x577.jpg 1024w\" sizes=\"auto, (max-width: 300px) 100vw, 300px\" \/><\/a><\/td>\n<\/tr>\n<tr>\n<td style=\"text-align: center;\">\u00a0<span style=\"font-family: impact,sans-serif; font-size: 24pt;\">H2<\/span><\/td>\n<td style=\"text-align: center;\"><a href=\"http:\/\/www.saastopankki.fi\/pankki\/mietoisten-saastopankki\/etusivu\"><img loading=\"lazy\" decoding=\"async\" class=\"aligncenter wp-image-302 \" src=\"http:\/\/www.wirmodiscgolf.fi\/wordpress\/wp-content\/uploads\/2017\/01\/Mietoisten_Sp-logo.jpg\" width=\"186\" height=\"160\" \/><\/a><\/td>\n<td style=\"text-align: center;\">\u00a0<a href=\"http:\/\/www.wirmodiscgolf.fi\/wordpress\/wp-content\/uploads\/2016\/12\/P8280124.jpg\"><img loading=\"lazy\" decoding=\"async\" class=\"alignnone size-medium wp-image-106\" src=\"http:\/\/www.wirmodiscgolf.fi\/wordpress\/wp-content\/uploads\/2016\/12\/P8280124-300x169.jpg\" alt=\"\" width=\"300\" height=\"169\" srcset=\"https:\/\/www.wirmodiscgolf.fi\/wordpress\/wp-content\/uploads\/2016\/12\/P8280124-300x169.jpg 300w, https:\/\/www.wirmodiscgolf.fi\/wordpress\/wp-content\/uploads\/2016\/12\/P8280124-768x433.jpg 768w, https:\/\/www.wirmodiscgolf.fi\/wordpress\/wp-content\/uploads\/2016\/12\/P8280124-1024x577.jpg 1024w\" sizes=\"auto, (max-width: 300px) 100vw, 300px\" \/><\/a><\/td>\n<\/tr>\n<\/tbody>\n<\/table>\n<p>&nbsp;<\/p>\n<p>&nbsp;<\/p>\n","protected":false},"excerpt":{"rendered":"<p>Kauden 2018 v\u00e4yl\u00e4sponsorimme. Kiitos tuestanne V\u00e4yl\u00e4 Sponsori Kori 1 \u00a02 \u00a03 \u00a0 5 \u00a06 \u00a0 \u00a07 \u00a0 8 9 14 15 \u00a016 FB\u00a0\u00a0 WWW \u00a0 \u00a017 \u00a0 18 \u00a0H1 \u00a0 \u00a0H2 \u00a0 &nbsp; &nbsp;<\/p>\n","protected":false},"author":1,"featured_media":0,"parent":0,"menu_order":0,"comment_status":"closed","ping_status":"closed","template":"","meta":{"footnotes":""},"class_list":["post-16","page","type-page","status-publish"],"_links":{"self":[{"href":"https:\/\/www.wirmodiscgolf.fi\/wordpress\/wp-json\/wp\/v2\/pages\/16","targetHints":{"allow":["GET"]}}],"collection":[{"href":"https:\/\/www.wirmodiscgolf.fi\/wordpress\/wp-json\/wp\/v2\/pages"}],"about":[{"href":"https:\/\/www.wirmodiscgolf.fi\/wordpress\/wp-json\/wp\/v2\/types\/page"}],"author":[{"embeddable":true,"href":"https:\/\/www.wirmodiscgolf.fi\/wordpress\/wp-json\/wp\/v2\/users\/1"}],"replies":[{"embeddable":true,"href":"https:\/\/www.wirmodiscgolf.fi\/wordpress\/wp-json\/wp\/v2\/comments?post=16"}],"version-history":[{"count":42,"href":"https:\/\/www.wirmodiscgolf.fi\/wordpress\/wp-json\/wp\/v2\/pages\/16\/revisions"}],"predecessor-version":[{"id":1358,"href":"https:\/\/www.wirmodiscgolf.fi\/wordpress\/wp-json\/wp\/v2\/pages\/16\/revisions\/1358"}],"wp:attachment":[{"href":"https:\/\/www.wirmodiscgolf.fi\/wordpress\/wp-json\/wp\/v2\/media?parent=16"}],"curies":[{"name":"wp","href":"https:\/\/api.w.org\/{rel}","templated":true}]}}